{"id":3545,"date":"2020-06-10T13:33:38","date_gmt":"2020-06-10T11:33:38","guid":{"rendered":"https:\/\/smporres.archimadrid.es\/?page_id=3545"},"modified":"2020-06-10T13:33:38","modified_gmt":"2020-06-10T11:33:38","slug":"37-dios-esta-aqui","status":"publish","type":"page","link":"https:\/\/smporres.archimadrid.es\/?page_id=3545","title":{"rendered":"37. DIOS ESTA AQU\u00cd"},"content":{"rendered":"\n<p>DIOS EST\u00c1 AQU\u00cd,<br>TAN CIERTO COMO EL AIRE QUE RESPIRO<br>TAN CIERTO COMO LA MA\u00d1ANA SE LEVANTA<br>TAN CIERTO COMO QUE ESTE CANTO<br>LO PUEDES O\u00cdR. (bis)<\/p>\n\n\n\n<p>Lo puedes o\u00edr, movi\u00e9ndose entre los que aman,<br>lo puedes o\u00edr, cantando con nosotros aqu\u00ed.<br>Lo puedes llevar cuando por esa puerta salgas,<br>lo puedes sentir muy dentro de tu coraz\u00f3n.<\/p>\n","protected":false},"excerpt":{"rendered":"<p>DIOS EST\u00c1 AQU\u00cd,TAN CIERTO COMO EL AIRE QUE RESPIROTAN CIERTO COMO LA MA\u00d1ANA SE LEVANTATAN CIERTO COMO QUE ESTE CANTOLO PUEDES O\u00cdR. (bis) Lo puedes o\u00edr, movi\u00e9ndose entre los que [&hellip;]<\/p>\n","protected":false},"author":1,"featured_media":0,"parent":0,"menu_order":0,"comment_status":"closed","ping_status":"closed","template":"","meta":{"footnotes":""},"class_list":["post-3545","page","type-page","status-publish","hentry"],"_links":{"self":[{"href":"https:\/\/smporres.archimadrid.es\/index.php?rest_route=\/wp\/v2\/pages\/3545","targetHints":{"allow":["GET"]}}],"collection":[{"href":"https:\/\/smporres.archimadrid.es\/index.php?rest_route=\/wp\/v2\/pages"}],"about":[{"href":"https:\/\/smporres.archimadrid.es\/index.php?rest_route=\/wp\/v2\/types\/page"}],"author":[{"embeddable":true,"href":"https:\/\/smporres.archimadrid.es\/index.php?rest_route=\/wp\/v2\/users\/1"}],"replies":[{"embeddable":true,"href":"https:\/\/smporres.archimadrid.es\/index.php?rest_route=%2Fwp%2Fv2%2Fcomments&post=3545"}],"version-history":[{"count":1,"href":"https:\/\/smporres.archimadrid.es\/index.php?rest_route=\/wp\/v2\/pages\/3545\/revisions"}],"predecessor-version":[{"id":3546,"href":"https:\/\/smporres.archimadrid.es\/index.php?rest_route=\/wp\/v2\/pages\/3545\/revisions\/3546"}],"wp:attachment":[{"href":"https:\/\/smporres.archimadrid.es\/index.php?rest_route=%2Fwp%2Fv2%2Fmedia&parent=3545"}],"curies":[{"name":"wp","href":"https:\/\/api.w.org\/{rel}","templated":true}]}}