{"id":3543,"date":"2020-06-10T13:32:36","date_gmt":"2020-06-10T11:32:36","guid":{"rendered":"https:\/\/smporres.archimadrid.es\/?page_id=3543"},"modified":"2020-06-10T13:32:36","modified_gmt":"2020-06-10T11:32:36","slug":"36-dios-es-fiel","status":"publish","type":"page","link":"https:\/\/smporres.archimadrid.es\/?page_id=3543","title":{"rendered":"36. DIOS ES FIEL"},"content":{"rendered":"\n<p>Dios es fiel, guarda siempre su alianza,<br>libra al pueblo de toda esclavitud.<br>Su palabra resuena en los profetas<br>reclamando el bien y la virtud.<\/p>\n\n\n\n<p>Pueblo en marcha por el desierto ardiente<br>horizontes de paz y libertad<br>Asamblea de Dios eterna fiesta<br>tierra nueva, perenne heredad.<\/p>\n\n\n\n<p>Si al mirar hacia atr\u00e1s somos tentados<br>de volver al Egipto seductor,<br>el Esp\u00edritu empuja con su fuerza<br>a avanzar por la v\u00eda del Se\u00f1or.<\/p>\n\n\n\n<p>El man\u00e1 es un don que el cielo env\u00eda,<br>pero el pan hoy se cuece con sudor.<br>Leche y miel nos dar\u00e1 la tierra nueva<br>si el trabajo es fecundo y redentor.<\/p>\n\n\n\n<p>Y Jes\u00fas nos dar\u00e1 en el Calvario<br>su lecci\u00f3n: \u201cH\u00e1gase tu voluntad\u201d<\/p>\n\n\n\n<p>y su sangre, vertida por nosotros<br>ser\u00e1 el precio de nuestra libertad.<\/p>\n","protected":false},"excerpt":{"rendered":"<p>Dios es fiel, guarda siempre su alianza,libra al pueblo de toda esclavitud.Su palabra resuena en los profetasreclamando el bien y la virtud. Pueblo en marcha por el desierto ardientehorizontes de [&hellip;]<\/p>\n","protected":false},"author":1,"featured_media":0,"parent":0,"menu_order":0,"comment_status":"closed","ping_status":"closed","template":"","meta":{"footnotes":""},"class_list":["post-3543","page","type-page","status-publish","hentry"],"_links":{"self":[{"href":"https:\/\/smporres.archimadrid.es\/index.php?rest_route=\/wp\/v2\/pages\/3543","targetHints":{"allow":["GET"]}}],"collection":[{"href":"https:\/\/smporres.archimadrid.es\/index.php?rest_route=\/wp\/v2\/pages"}],"about":[{"href":"https:\/\/smporres.archimadrid.es\/index.php?rest_route=\/wp\/v2\/types\/page"}],"author":[{"embeddable":true,"href":"https:\/\/smporres.archimadrid.es\/index.php?rest_route=\/wp\/v2\/users\/1"}],"replies":[{"embeddable":true,"href":"https:\/\/smporres.archimadrid.es\/index.php?rest_route=%2Fwp%2Fv2%2Fcomments&post=3543"}],"version-history":[{"count":1,"href":"https:\/\/smporres.archimadrid.es\/index.php?rest_route=\/wp\/v2\/pages\/3543\/revisions"}],"predecessor-version":[{"id":3544,"href":"https:\/\/smporres.archimadrid.es\/index.php?rest_route=\/wp\/v2\/pages\/3543\/revisions\/3544"}],"wp:attachment":[{"href":"https:\/\/smporres.archimadrid.es\/index.php?rest_route=%2Fwp%2Fv2%2Fmedia&parent=3543"}],"curies":[{"name":"wp","href":"https:\/\/api.w.org\/{rel}","templated":true}]}}