{"id":3538,"date":"2020-06-10T13:30:11","date_gmt":"2020-06-10T11:30:11","guid":{"rendered":"https:\/\/smporres.archimadrid.es\/?page_id=3538"},"modified":"2020-06-10T13:30:11","modified_gmt":"2020-06-10T11:30:11","slug":"34-desde-lo-hondo","status":"publish","type":"page","link":"https:\/\/smporres.archimadrid.es\/?page_id=3538","title":{"rendered":"34. DESDE LO HONDO"},"content":{"rendered":"\n<p>Desde lo hondo a Ti grito, Se\u00f1or;<br>Se\u00f1or, escucha mi voz;<br>est\u00e9n tus o\u00eddos atentos<br>a la voz de mi s\u00faplica.<\/p>\n\n\n\n<p>MI ALMA ESPERA EN EL SE\u00d1OR,<br>MI ALMA ESPERA EN SU PALABRA,<br>MI ALMA AGUARDA AL SE\u00d1OR,<br>PORQUE EN \u00c9L EST\u00c1 LA SALVACI\u00d3N.<\/p>\n\n\n\n<p>Si llevas cuenta de los delitos Se\u00f1or<br>\u00bfqui\u00e9n podr\u00e1 resistir?<br>Pero de Ti procede el perd\u00f3n,<br>y as\u00ed infundes respeto.<\/p>\n\n\n\n<p>Mi alma aguarda al Se\u00f1or,<br>m\u00e1s que el centinela la aurora.<br>Aguarde Israel al Se\u00f1or,<br>como el centinela a la aurora.<\/p>\n\n\n\n<p>Porque del Se\u00f1or viene la misericordia,<br>y la redenci\u00f3n copiosa;<\/p>\n\n\n\n<p>y El redimir\u00e1 a Israel<br>de todos sus delitos.<\/p>\n","protected":false},"excerpt":{"rendered":"<p>Desde lo hondo a Ti grito, Se\u00f1or;Se\u00f1or, escucha mi voz;est\u00e9n tus o\u00eddos atentosa la voz de mi s\u00faplica. MI ALMA ESPERA EN EL SE\u00d1OR,MI ALMA ESPERA EN SU PALABRA,MI ALMA [&hellip;]<\/p>\n","protected":false},"author":1,"featured_media":0,"parent":0,"menu_order":0,"comment_status":"closed","ping_status":"closed","template":"","meta":{"footnotes":""},"class_list":["post-3538","page","type-page","status-publish","hentry"],"_links":{"self":[{"href":"https:\/\/smporres.archimadrid.es\/index.php?rest_route=\/wp\/v2\/pages\/3538","targetHints":{"allow":["GET"]}}],"collection":[{"href":"https:\/\/smporres.archimadrid.es\/index.php?rest_route=\/wp\/v2\/pages"}],"about":[{"href":"https:\/\/smporres.archimadrid.es\/index.php?rest_route=\/wp\/v2\/types\/page"}],"author":[{"embeddable":true,"href":"https:\/\/smporres.archimadrid.es\/index.php?rest_route=\/wp\/v2\/users\/1"}],"replies":[{"embeddable":true,"href":"https:\/\/smporres.archimadrid.es\/index.php?rest_route=%2Fwp%2Fv2%2Fcomments&post=3538"}],"version-history":[{"count":1,"href":"https:\/\/smporres.archimadrid.es\/index.php?rest_route=\/wp\/v2\/pages\/3538\/revisions"}],"predecessor-version":[{"id":3539,"href":"https:\/\/smporres.archimadrid.es\/index.php?rest_route=\/wp\/v2\/pages\/3538\/revisions\/3539"}],"wp:attachment":[{"href":"https:\/\/smporres.archimadrid.es\/index.php?rest_route=%2Fwp%2Fv2%2Fmedia&parent=3538"}],"curies":[{"name":"wp","href":"https:\/\/api.w.org\/{rel}","templated":true}]}}