{"id":3532,"date":"2020-06-10T13:25:40","date_gmt":"2020-06-10T11:25:40","guid":{"rendered":"https:\/\/smporres.archimadrid.es\/?page_id=3532"},"modified":"2020-06-10T13:25:40","modified_gmt":"2020-06-10T11:25:40","slug":"31-cristo-libertador","status":"publish","type":"page","link":"https:\/\/smporres.archimadrid.es\/?page_id=3532","title":{"rendered":"31. CRISTO LIBERTADOR"},"content":{"rendered":"\n<p>CRISTO NOS DA LA LIBERTAD,<br>CRISTO NOS DA LA SALVACI\u00d3N,<br>CRISTO NOS DA LA ESPERANZA,<br>CRISTO NOS DA EL AMOR. (bis)<\/p>\n\n\n\n<p>Cuando luche por la paz y la verdad, la encontrar\u00e9;<br>cuando cargue con la cruz de los dem\u00e1s, me salvar\u00e9.<br>Dame, Se\u00f1or, tu palabra, oye, Se\u00f1or, mi oraci\u00f3n.<\/p>\n\n\n\n<p>Cuando sepa perdonar de coraz\u00f3n, tendr\u00e9 perd\u00f3n;<br>cuando siga los caminos del amor, ver\u00e9 al Se\u00f1or.<br>Dame, Se\u00f1or, tu palabra, oye, Se\u00f1or, mi oraci\u00f3n.<\/p>\n\n\n\n<p>Cuando siembre la alegr\u00eda y la amistad, vendr\u00e1 el amor;<br>cuando viva en comuni\u00f3n con los dem\u00e1s, ser\u00e9 de Dios.<br>Dame, Se\u00f1or, tu palabra, oye, Se\u00f1or, mi oraci\u00f3n.<\/p>\n","protected":false},"excerpt":{"rendered":"<p>CRISTO NOS DA LA LIBERTAD,CRISTO NOS DA LA SALVACI\u00d3N,CRISTO NOS DA LA ESPERANZA,CRISTO NOS DA EL AMOR. (bis) Cuando luche por la paz y la verdad, la encontrar\u00e9;cuando cargue con [&hellip;]<\/p>\n","protected":false},"author":1,"featured_media":0,"parent":0,"menu_order":0,"comment_status":"closed","ping_status":"closed","template":"","meta":{"footnotes":""},"class_list":["post-3532","page","type-page","status-publish","hentry"],"_links":{"self":[{"href":"https:\/\/smporres.archimadrid.es\/index.php?rest_route=\/wp\/v2\/pages\/3532","targetHints":{"allow":["GET"]}}],"collection":[{"href":"https:\/\/smporres.archimadrid.es\/index.php?rest_route=\/wp\/v2\/pages"}],"about":[{"href":"https:\/\/smporres.archimadrid.es\/index.php?rest_route=\/wp\/v2\/types\/page"}],"author":[{"embeddable":true,"href":"https:\/\/smporres.archimadrid.es\/index.php?rest_route=\/wp\/v2\/users\/1"}],"replies":[{"embeddable":true,"href":"https:\/\/smporres.archimadrid.es\/index.php?rest_route=%2Fwp%2Fv2%2Fcomments&post=3532"}],"version-history":[{"count":1,"href":"https:\/\/smporres.archimadrid.es\/index.php?rest_route=\/wp\/v2\/pages\/3532\/revisions"}],"predecessor-version":[{"id":3533,"href":"https:\/\/smporres.archimadrid.es\/index.php?rest_route=\/wp\/v2\/pages\/3532\/revisions\/3533"}],"wp:attachment":[{"href":"https:\/\/smporres.archimadrid.es\/index.php?rest_route=%2Fwp%2Fv2%2Fmedia&parent=3532"}],"curies":[{"name":"wp","href":"https:\/\/api.w.org\/{rel}","templated":true}]}}