{"id":3527,"date":"2020-06-10T13:22:49","date_gmt":"2020-06-10T11:22:49","guid":{"rendered":"https:\/\/smporres.archimadrid.es\/?page_id=3527"},"modified":"2020-06-10T13:22:49","modified_gmt":"2020-06-10T11:22:49","slug":"29-con-vosotros-esta","status":"publish","type":"page","link":"https:\/\/smporres.archimadrid.es\/?page_id=3527","title":{"rendered":"29. CON VOSOTROS EST\u00c1"},"content":{"rendered":"\n<p>CON VOSOTROS EST\u00c1<br>Y NO LE CONOC\u00c9IS.<br>CON VOSOTROS EST\u00c1<br>SU NOMBRE ES \u201cEL SE\u00d1OR\u201d.<\/p>\n\n\n\n<p>Su nombre es el Se\u00f1or y pasa hambre<br>y clama por la boca del hambriento,<br>y muchos que lo ven pasan de largo<br>acaso por llegar temprano al Templo.<\/p>\n\n\n\n<p>Su nombre es el Se\u00f1or y sed soporta<br>y est\u00e1 en quien de justicia va sediento.<br>Y muchos que lo ven pasan de largo,<br>a veces ocupados en sus rezos.<br>Su nombre es el Se\u00f1or y est\u00e1 desnudo,<br>la ausencia del amor hiela sus huesos,<\/p>\n\n\n\n<p>y muchos que lo ven pasan de largo,<br>seguros y al calor de su dinero.<\/p>\n\n\n\n<p>Su nombre es el Se\u00f1or y enfermo vive<br>y su agon\u00eda es la del enfermo,<br>y muchos que lo saben no hacen caso;<br>tal vez no frecuentaba mucho el templo.<\/p>\n","protected":false},"excerpt":{"rendered":"<p>CON VOSOTROS EST\u00c1Y NO LE CONOC\u00c9IS.CON VOSOTROS EST\u00c1SU NOMBRE ES \u201cEL SE\u00d1OR\u201d. Su nombre es el Se\u00f1or y pasa hambrey clama por la boca del hambriento,y muchos que lo ven [&hellip;]<\/p>\n","protected":false},"author":1,"featured_media":0,"parent":0,"menu_order":0,"comment_status":"closed","ping_status":"closed","template":"","meta":{"footnotes":""},"class_list":["post-3527","page","type-page","status-publish","hentry"],"_links":{"self":[{"href":"https:\/\/smporres.archimadrid.es\/index.php?rest_route=\/wp\/v2\/pages\/3527","targetHints":{"allow":["GET"]}}],"collection":[{"href":"https:\/\/smporres.archimadrid.es\/index.php?rest_route=\/wp\/v2\/pages"}],"about":[{"href":"https:\/\/smporres.archimadrid.es\/index.php?rest_route=\/wp\/v2\/types\/page"}],"author":[{"embeddable":true,"href":"https:\/\/smporres.archimadrid.es\/index.php?rest_route=\/wp\/v2\/users\/1"}],"replies":[{"embeddable":true,"href":"https:\/\/smporres.archimadrid.es\/index.php?rest_route=%2Fwp%2Fv2%2Fcomments&post=3527"}],"version-history":[{"count":1,"href":"https:\/\/smporres.archimadrid.es\/index.php?rest_route=\/wp\/v2\/pages\/3527\/revisions"}],"predecessor-version":[{"id":3528,"href":"https:\/\/smporres.archimadrid.es\/index.php?rest_route=\/wp\/v2\/pages\/3527\/revisions\/3528"}],"wp:attachment":[{"href":"https:\/\/smporres.archimadrid.es\/index.php?rest_route=%2Fwp%2Fv2%2Fmedia&parent=3527"}],"curies":[{"name":"wp","href":"https:\/\/api.w.org\/{rel}","templated":true}]}}