{"id":3523,"date":"2020-06-10T13:19:22","date_gmt":"2020-06-10T11:19:22","guid":{"rendered":"https:\/\/smporres.archimadrid.es\/?page_id=3523"},"modified":"2020-06-10T13:19:22","modified_gmt":"2020-06-10T11:19:22","slug":"27-como-brotes-de-olivo","status":"publish","type":"page","link":"https:\/\/smporres.archimadrid.es\/?page_id=3523","title":{"rendered":"27. COMO BROTES DE OLIVO"},"content":{"rendered":"\n<p>COMO BROTES DE OLIVO<br>EN TORNO A TU MESA, SE\u00d1OR,<br>AS\u00cd SON LOS HIJOS DE LA IGLESIA.<\/p>\n\n\n\n<p>El que teme al Se\u00f1or ser\u00e1 feliz,<br>feliz el que sigue su ruta.<\/p>\n\n\n\n<p>Del trabajo de tus manos comer\u00e1s,<br>a Ti la alegr\u00eda y el gozo.<\/p>\n\n\n\n<p>Y tu esposa en el medio del hogar<br>ser\u00e1 como vi\u00f1a fecunda.<\/p>\n\n\n\n<p>Como brotes de un olivo, reunir\u00e1s<br>los hijos en torno a tu mesa.<\/p>\n\n\n\n<p>El Se\u00f1or bendecir\u00e1 al hombre fiel<br>con esta abundancia de bienes.<\/p>\n\n\n\n<p>A los hijos de tus hijos los ver\u00e1s,<br>la gloria al Se\u00f1or por los siglos.<\/p>\n","protected":false},"excerpt":{"rendered":"<p>COMO BROTES DE OLIVOEN TORNO A TU MESA, SE\u00d1OR,AS\u00cd SON LOS HIJOS DE LA IGLESIA. El que teme al Se\u00f1or ser\u00e1 feliz,feliz el que sigue su ruta. Del trabajo de [&hellip;]<\/p>\n","protected":false},"author":1,"featured_media":0,"parent":0,"menu_order":0,"comment_status":"closed","ping_status":"closed","template":"","meta":{"footnotes":""},"class_list":["post-3523","page","type-page","status-publish","hentry"],"_links":{"self":[{"href":"https:\/\/smporres.archimadrid.es\/index.php?rest_route=\/wp\/v2\/pages\/3523","targetHints":{"allow":["GET"]}}],"collection":[{"href":"https:\/\/smporres.archimadrid.es\/index.php?rest_route=\/wp\/v2\/pages"}],"about":[{"href":"https:\/\/smporres.archimadrid.es\/index.php?rest_route=\/wp\/v2\/types\/page"}],"author":[{"embeddable":true,"href":"https:\/\/smporres.archimadrid.es\/index.php?rest_route=\/wp\/v2\/users\/1"}],"replies":[{"embeddable":true,"href":"https:\/\/smporres.archimadrid.es\/index.php?rest_route=%2Fwp%2Fv2%2Fcomments&post=3523"}],"version-history":[{"count":1,"href":"https:\/\/smporres.archimadrid.es\/index.php?rest_route=\/wp\/v2\/pages\/3523\/revisions"}],"predecessor-version":[{"id":3524,"href":"https:\/\/smporres.archimadrid.es\/index.php?rest_route=\/wp\/v2\/pages\/3523\/revisions\/3524"}],"wp:attachment":[{"href":"https:\/\/smporres.archimadrid.es\/index.php?rest_route=%2Fwp%2Fv2%2Fmedia&parent=3523"}],"curies":[{"name":"wp","href":"https:\/\/api.w.org\/{rel}","templated":true}]}}