{"id":3519,"date":"2020-06-10T13:12:15","date_gmt":"2020-06-10T11:12:15","guid":{"rendered":"https:\/\/smporres.archimadrid.es\/?page_id=3519"},"modified":"2020-06-10T13:12:15","modified_gmt":"2020-06-10T11:12:15","slug":"25-celebremos-unidos","status":"publish","type":"page","link":"https:\/\/smporres.archimadrid.es\/?page_id=3519","title":{"rendered":"25. CELEBREMOS UNIDOS"},"content":{"rendered":"\n<p>CELEBREMOS UNIDOS A LA VIRGEN MAR\u00cdA,<br>PORQUE EST\u00c1BAMOS CIEGOS Y NOS DIO A LUZ EL D\u00cdA<br>PORQUE EST\u00c1BAMOS TRISTES Y NOS DIO LA ALEGR\u00cdA.<\/p>\n\n\n\n<p>Mujer tan silenciosa y encumbrada ahora m\u00e1s<br>que el sol, t\u00fa nutres con la leche de tu pecho<br>al que es tu creador.<\/p>\n\n\n\n<p>Lo que Eva en una tarde misteriosa, buscando<br>nos perdi\u00f3; t\u00fa Madre lo de devuelves florecido<br>en fruto salvador.<\/p>\n\n\n\n<p>T\u00fa que eres blanca puerta del rey sumo,<br>morada de la luz, la puerta nos abriste de los<br>cielos al darnos a Jes\u00fas.<\/p>\n","protected":false},"excerpt":{"rendered":"<p>CELEBREMOS UNIDOS A LA VIRGEN MAR\u00cdA,PORQUE EST\u00c1BAMOS CIEGOS Y NOS DIO A LUZ EL D\u00cdAPORQUE EST\u00c1BAMOS TRISTES Y NOS DIO LA ALEGR\u00cdA. Mujer tan silenciosa y encumbrada ahora m\u00e1sque el [&hellip;]<\/p>\n","protected":false},"author":1,"featured_media":0,"parent":0,"menu_order":0,"comment_status":"closed","ping_status":"closed","template":"","meta":{"footnotes":""},"class_list":["post-3519","page","type-page","status-publish","hentry"],"_links":{"self":[{"href":"https:\/\/smporres.archimadrid.es\/index.php?rest_route=\/wp\/v2\/pages\/3519","targetHints":{"allow":["GET"]}}],"collection":[{"href":"https:\/\/smporres.archimadrid.es\/index.php?rest_route=\/wp\/v2\/pages"}],"about":[{"href":"https:\/\/smporres.archimadrid.es\/index.php?rest_route=\/wp\/v2\/types\/page"}],"author":[{"embeddable":true,"href":"https:\/\/smporres.archimadrid.es\/index.php?rest_route=\/wp\/v2\/users\/1"}],"replies":[{"embeddable":true,"href":"https:\/\/smporres.archimadrid.es\/index.php?rest_route=%2Fwp%2Fv2%2Fcomments&post=3519"}],"version-history":[{"count":1,"href":"https:\/\/smporres.archimadrid.es\/index.php?rest_route=\/wp\/v2\/pages\/3519\/revisions"}],"predecessor-version":[{"id":3520,"href":"https:\/\/smporres.archimadrid.es\/index.php?rest_route=\/wp\/v2\/pages\/3519\/revisions\/3520"}],"wp:attachment":[{"href":"https:\/\/smporres.archimadrid.es\/index.php?rest_route=%2Fwp%2Fv2%2Fmedia&parent=3519"}],"curies":[{"name":"wp","href":"https:\/\/api.w.org\/{rel}","templated":true}]}}