{"id":3517,"date":"2020-06-10T13:00:54","date_gmt":"2020-06-10T11:00:54","guid":{"rendered":"https:\/\/smporres.archimadrid.es\/?page_id=3517"},"modified":"2020-06-10T13:00:54","modified_gmt":"2020-06-10T11:00:54","slug":"24-cantemos-al-amor-de-los-amores","status":"publish","type":"page","link":"https:\/\/smporres.archimadrid.es\/?page_id=3517","title":{"rendered":"24. CANTEMOS AL AMOR DE LOS AMORES"},"content":{"rendered":"\n<p>Cantemos al Amor de los amores, cantemos al Se\u00f1or<br>Dios est\u00e1 aqu\u00ed, venid adoradores, adoremos<br>a Cristo Redentor.<\/p>\n\n\n\n<p>GLORIA A CRISTO JES\u00daS,<br>CIELOS Y TIERRA BENDECID AL SE\u00d1OR,<br>HONOR Y GLORIA A TI, REY DE LA GLORIA.<br>AMOR POR SIEMPRE A TI DIOS DEL AMOR.<\/p>\n\n\n\n<p>Unamos nuestra voz a los cantares, del coro celestial,<br>Dios est\u00e1 aqu\u00ed, al Dios de los altares alabemos<br>con gozo angelical.<\/p>\n\n\n\n<p>Cantemos al Amor de los amores<br>cantemos sin cesar, Dios est\u00e1 aqu\u00ed, venid adoradores<br>adoremos a Cristo en el Altar.<\/p>\n","protected":false},"excerpt":{"rendered":"<p>Cantemos al Amor de los amores, cantemos al Se\u00f1orDios est\u00e1 aqu\u00ed, venid adoradores, adoremosa Cristo Redentor. GLORIA A CRISTO JES\u00daS,CIELOS Y TIERRA BENDECID AL SE\u00d1OR,HONOR Y GLORIA A TI, REY [&hellip;]<\/p>\n","protected":false},"author":1,"featured_media":0,"parent":0,"menu_order":0,"comment_status":"closed","ping_status":"closed","template":"","meta":{"footnotes":""},"class_list":["post-3517","page","type-page","status-publish","hentry"],"_links":{"self":[{"href":"https:\/\/smporres.archimadrid.es\/index.php?rest_route=\/wp\/v2\/pages\/3517","targetHints":{"allow":["GET"]}}],"collection":[{"href":"https:\/\/smporres.archimadrid.es\/index.php?rest_route=\/wp\/v2\/pages"}],"about":[{"href":"https:\/\/smporres.archimadrid.es\/index.php?rest_route=\/wp\/v2\/types\/page"}],"author":[{"embeddable":true,"href":"https:\/\/smporres.archimadrid.es\/index.php?rest_route=\/wp\/v2\/users\/1"}],"replies":[{"embeddable":true,"href":"https:\/\/smporres.archimadrid.es\/index.php?rest_route=%2Fwp%2Fv2%2Fcomments&post=3517"}],"version-history":[{"count":1,"href":"https:\/\/smporres.archimadrid.es\/index.php?rest_route=\/wp\/v2\/pages\/3517\/revisions"}],"predecessor-version":[{"id":3518,"href":"https:\/\/smporres.archimadrid.es\/index.php?rest_route=\/wp\/v2\/pages\/3517\/revisions\/3518"}],"wp:attachment":[{"href":"https:\/\/smporres.archimadrid.es\/index.php?rest_route=%2Fwp%2Fv2%2Fmedia&parent=3517"}],"curies":[{"name":"wp","href":"https:\/\/api.w.org\/{rel}","templated":true}]}}