{"id":3515,"date":"2020-06-10T12:59:39","date_gmt":"2020-06-10T10:59:39","guid":{"rendered":"https:\/\/smporres.archimadrid.es\/?page_id=3515"},"modified":"2020-06-10T12:59:39","modified_gmt":"2020-06-10T10:59:39","slug":"23-caminare-en-presencia-del-senor","status":"publish","type":"page","link":"https:\/\/smporres.archimadrid.es\/?page_id=3515","title":{"rendered":"23. CAMINAR\u00c9 EN PRESENCIA DEL SE\u00d1OR"},"content":{"rendered":"\n<p>CAMINAR\u00c9 EN PRESENCIA DEL SE\u00d1OR (BIS)<\/p>\n\n\n\n<p>Amo al Se\u00f1or,<br>porque escucha mi voz suplicante,<br>porque inclina su o\u00eddo hac\u00eda m\u00ed.<br>el d\u00eda que lo invoco.<\/p>\n\n\n\n<p>Me envolv\u00edan redes de muerte,<br>ca\u00ed en tristeza y en angustia.<br>Invoqu\u00e9 el nombre del Se\u00f1or:<br>\u00a1Se\u00f1or, salva mi vida!<\/p>\n\n\n\n<p>El Se\u00f1or es benigno y justo,<br>nuestro Dios es compasivo.<br>El Se\u00f1or guarda a los sencillos,<br>estando yo sin fuerzas me salv\u00f3.<\/p>\n\n\n\n<p>Alma m\u00eda, recobra tu calma,<br>que el Se\u00f1or fue bueno contigo;<br>arranc\u00f3 mi alma de la muerte,<br>mis ojos de las l\u00e1grimas,<br>mis pies de la ca\u00edda.<\/p>\n","protected":false},"excerpt":{"rendered":"<p>CAMINAR\u00c9 EN PRESENCIA DEL SE\u00d1OR (BIS) Amo al Se\u00f1or,porque escucha mi voz suplicante,porque inclina su o\u00eddo hac\u00eda m\u00ed.el d\u00eda que lo invoco. Me envolv\u00edan redes de muerte,ca\u00ed en tristeza y [&hellip;]<\/p>\n","protected":false},"author":1,"featured_media":0,"parent":0,"menu_order":0,"comment_status":"closed","ping_status":"closed","template":"","meta":{"footnotes":""},"class_list":["post-3515","page","type-page","status-publish","hentry"],"_links":{"self":[{"href":"https:\/\/smporres.archimadrid.es\/index.php?rest_route=\/wp\/v2\/pages\/3515","targetHints":{"allow":["GET"]}}],"collection":[{"href":"https:\/\/smporres.archimadrid.es\/index.php?rest_route=\/wp\/v2\/pages"}],"about":[{"href":"https:\/\/smporres.archimadrid.es\/index.php?rest_route=\/wp\/v2\/types\/page"}],"author":[{"embeddable":true,"href":"https:\/\/smporres.archimadrid.es\/index.php?rest_route=\/wp\/v2\/users\/1"}],"replies":[{"embeddable":true,"href":"https:\/\/smporres.archimadrid.es\/index.php?rest_route=%2Fwp%2Fv2%2Fcomments&post=3515"}],"version-history":[{"count":1,"href":"https:\/\/smporres.archimadrid.es\/index.php?rest_route=\/wp\/v2\/pages\/3515\/revisions"}],"predecessor-version":[{"id":3516,"href":"https:\/\/smporres.archimadrid.es\/index.php?rest_route=\/wp\/v2\/pages\/3515\/revisions\/3516"}],"wp:attachment":[{"href":"https:\/\/smporres.archimadrid.es\/index.php?rest_route=%2Fwp%2Fv2%2Fmedia&parent=3515"}],"curies":[{"name":"wp","href":"https:\/\/api.w.org\/{rel}","templated":true}]}}