{"id":3513,"date":"2020-06-10T12:52:05","date_gmt":"2020-06-10T10:52:05","guid":{"rendered":"https:\/\/smporres.archimadrid.es\/?page_id=3513"},"modified":"2020-06-10T12:52:05","modified_gmt":"2020-06-10T10:52:05","slug":"22-bendita-eres-tu-maria","status":"publish","type":"page","link":"https:\/\/smporres.archimadrid.es\/?page_id=3513","title":{"rendered":"22. BENDITA ERES T\u00da, MAR\u00cdA"},"content":{"rendered":"\n<p>Bendita eres t\u00fa, Mar\u00eda,<br>entre todas las mujeres, Mar\u00eda,<br>y bendito es tu fruto, Mar\u00eda,<br>el fruto de tu seno, Jes\u00fas.<br>\u00a1Mar\u00eda, t\u00fa has cre\u00eddo!<\/p>\n\n\n\n<p>Y C\u00d3MO ES QUE LA MADRE DEL SE\u00d1OR,<br>VIENE A M\u00cd, VIENE A M\u00cd. (BIS)<\/p>\n\n\n\n<p>Porque apenas he sentido tu voz,<br>algo se ha movido, dentro de m\u00ed,<br>\u00a1el ni\u00f1o, ha exultado de gozo!<\/p>\n\n\n\n<p>MAR\u00cdA, BENDITA MAR\u00cdA,<br>T\u00da HAS CRE\u00cdDO LA PALABRA DEL SE\u00d1OR.<\/p>\n","protected":false},"excerpt":{"rendered":"<p>Bendita eres t\u00fa, Mar\u00eda,entre todas las mujeres, Mar\u00eda,y bendito es tu fruto, Mar\u00eda,el fruto de tu seno, Jes\u00fas.\u00a1Mar\u00eda, t\u00fa has cre\u00eddo! Y C\u00d3MO ES QUE LA MADRE DEL SE\u00d1OR,VIENE A [&hellip;]<\/p>\n","protected":false},"author":1,"featured_media":0,"parent":0,"menu_order":0,"comment_status":"closed","ping_status":"closed","template":"","meta":{"footnotes":""},"class_list":["post-3513","page","type-page","status-publish","hentry"],"_links":{"self":[{"href":"https:\/\/smporres.archimadrid.es\/index.php?rest_route=\/wp\/v2\/pages\/3513","targetHints":{"allow":["GET"]}}],"collection":[{"href":"https:\/\/smporres.archimadrid.es\/index.php?rest_route=\/wp\/v2\/pages"}],"about":[{"href":"https:\/\/smporres.archimadrid.es\/index.php?rest_route=\/wp\/v2\/types\/page"}],"author":[{"embeddable":true,"href":"https:\/\/smporres.archimadrid.es\/index.php?rest_route=\/wp\/v2\/users\/1"}],"replies":[{"embeddable":true,"href":"https:\/\/smporres.archimadrid.es\/index.php?rest_route=%2Fwp%2Fv2%2Fcomments&post=3513"}],"version-history":[{"count":1,"href":"https:\/\/smporres.archimadrid.es\/index.php?rest_route=\/wp\/v2\/pages\/3513\/revisions"}],"predecessor-version":[{"id":3514,"href":"https:\/\/smporres.archimadrid.es\/index.php?rest_route=\/wp\/v2\/pages\/3513\/revisions\/3514"}],"wp:attachment":[{"href":"https:\/\/smporres.archimadrid.es\/index.php?rest_route=%2Fwp%2Fv2%2Fmedia&parent=3513"}],"curies":[{"name":"wp","href":"https:\/\/api.w.org\/{rel}","templated":true}]}}