{"id":3508,"date":"2020-06-10T12:29:57","date_gmt":"2020-06-10T10:29:57","guid":{"rendered":"https:\/\/smporres.archimadrid.es\/?page_id=3508"},"modified":"2020-06-10T12:29:57","modified_gmt":"2020-06-10T10:29:57","slug":"20-a-ti-levanto-mis-ojos","status":"publish","type":"page","link":"https:\/\/smporres.archimadrid.es\/?page_id=3508","title":{"rendered":"20. A TI LEVANTO MIS OJOS"},"content":{"rendered":"\n<p>A TI LEVANTO MIS OJOS,<br>A TI, QUE HABITAS EN EL CIELO,<br>A TI LEVANTO MIS OJOS,<br>PORQUE ESPERO TU MISERICORDIA.<\/p>\n\n\n\n<p>Como est\u00e1n los ojos de los esclavos,<br>fijos en las manos de sus se\u00f1ores,<br>as\u00ed est\u00e1n nuestros ojos en el Se\u00f1or,<br>esperando su misericordia.<\/p>\n\n\n\n<p>Como est\u00e1n los ojos de la esclava,<br>fijos en las manos de su se\u00f1ora,<br>as\u00ed est\u00e1n nuestros ojos en el Se\u00f1or,<br>esperando su misericordia.<\/p>\n\n\n\n<p>Misericordia, Se\u00f1or, misericordia,<br>que estamos saciados de burlas,<br>misericordia, Se\u00f1or, misericordia.<br>que estamos saciados de desprecios.<\/p>\n\n\n\n<p>Nuestra alma est\u00e1 saciada<br>del sarcasmo de los satisfechos,<br>nuestra alma est\u00e1 saciada<br>del desprecio de los orgullosos.<\/p>\n","protected":false},"excerpt":{"rendered":"<p>A TI LEVANTO MIS OJOS,A TI, QUE HABITAS EN EL CIELO,A TI LEVANTO MIS OJOS,PORQUE ESPERO TU MISERICORDIA. Como est\u00e1n los ojos de los esclavos,fijos en las manos de sus [&hellip;]<\/p>\n","protected":false},"author":1,"featured_media":0,"parent":0,"menu_order":0,"comment_status":"closed","ping_status":"closed","template":"","meta":{"footnotes":""},"class_list":["post-3508","page","type-page","status-publish","hentry"],"_links":{"self":[{"href":"https:\/\/smporres.archimadrid.es\/index.php?rest_route=\/wp\/v2\/pages\/3508","targetHints":{"allow":["GET"]}}],"collection":[{"href":"https:\/\/smporres.archimadrid.es\/index.php?rest_route=\/wp\/v2\/pages"}],"about":[{"href":"https:\/\/smporres.archimadrid.es\/index.php?rest_route=\/wp\/v2\/types\/page"}],"author":[{"embeddable":true,"href":"https:\/\/smporres.archimadrid.es\/index.php?rest_route=\/wp\/v2\/users\/1"}],"replies":[{"embeddable":true,"href":"https:\/\/smporres.archimadrid.es\/index.php?rest_route=%2Fwp%2Fv2%2Fcomments&post=3508"}],"version-history":[{"count":1,"href":"https:\/\/smporres.archimadrid.es\/index.php?rest_route=\/wp\/v2\/pages\/3508\/revisions"}],"predecessor-version":[{"id":3509,"href":"https:\/\/smporres.archimadrid.es\/index.php?rest_route=\/wp\/v2\/pages\/3508\/revisions\/3509"}],"wp:attachment":[{"href":"https:\/\/smporres.archimadrid.es\/index.php?rest_route=%2Fwp%2Fv2%2Fmedia&parent=3508"}],"curies":[{"name":"wp","href":"https:\/\/api.w.org\/{rel}","templated":true}]}}