{"id":3504,"date":"2020-06-10T12:25:20","date_gmt":"2020-06-10T10:25:20","guid":{"rendered":"https:\/\/smporres.archimadrid.es\/?page_id=3504"},"modified":"2020-06-10T12:25:20","modified_gmt":"2020-06-10T10:25:20","slug":"18-anunciaremos-tu-reino","status":"publish","type":"page","link":"https:\/\/smporres.archimadrid.es\/?page_id=3504","title":{"rendered":"18.  ANUNCIAREMOS TU REINO"},"content":{"rendered":"\n<p>ANUNCIAREMOS TU REINO, SE\u00d1OR,<br>TU REINO, SE\u00d1OR, TU REINO.<\/p>\n\n\n\n<p>Reino de paz y justicia,<br>Reino de vida y verdad.<br>Tu Reino, Se\u00f1or, tu Reino.<\/p>\n\n\n\n<p>Reino de amor y de gracia,<br>Reino que habita en nosotros.<br>Tu Reino, Se\u00f1or, tu Reino.<\/p>\n\n\n\n<p>Reino que sufre violencia,<br>Reino que no es de este mundo.<br>Tu Reino, Se\u00f1or, tu Reino.<\/p>\n\n\n\n<p>Reino que ya ha comenzado,<br>Reino que no tendr\u00e1 fin.<br>Tu Reino, Se\u00f1or, tu Reino.<\/p>\n","protected":false},"excerpt":{"rendered":"<p>ANUNCIAREMOS TU REINO, SE\u00d1OR,TU REINO, SE\u00d1OR, TU REINO. Reino de paz y justicia,Reino de vida y verdad.Tu Reino, Se\u00f1or, tu Reino. Reino de amor y de gracia,Reino que habita en [&hellip;]<\/p>\n","protected":false},"author":1,"featured_media":0,"parent":0,"menu_order":0,"comment_status":"closed","ping_status":"closed","template":"","meta":{"footnotes":""},"class_list":["post-3504","page","type-page","status-publish","hentry"],"_links":{"self":[{"href":"https:\/\/smporres.archimadrid.es\/index.php?rest_route=\/wp\/v2\/pages\/3504","targetHints":{"allow":["GET"]}}],"collection":[{"href":"https:\/\/smporres.archimadrid.es\/index.php?rest_route=\/wp\/v2\/pages"}],"about":[{"href":"https:\/\/smporres.archimadrid.es\/index.php?rest_route=\/wp\/v2\/types\/page"}],"author":[{"embeddable":true,"href":"https:\/\/smporres.archimadrid.es\/index.php?rest_route=\/wp\/v2\/users\/1"}],"replies":[{"embeddable":true,"href":"https:\/\/smporres.archimadrid.es\/index.php?rest_route=%2Fwp%2Fv2%2Fcomments&post=3504"}],"version-history":[{"count":1,"href":"https:\/\/smporres.archimadrid.es\/index.php?rest_route=\/wp\/v2\/pages\/3504\/revisions"}],"predecessor-version":[{"id":3505,"href":"https:\/\/smporres.archimadrid.es\/index.php?rest_route=\/wp\/v2\/pages\/3504\/revisions\/3505"}],"wp:attachment":[{"href":"https:\/\/smporres.archimadrid.es\/index.php?rest_route=%2Fwp%2Fv2%2Fmedia&parent=3504"}],"curies":[{"name":"wp","href":"https:\/\/api.w.org\/{rel}","templated":true}]}}