{"id":3502,"date":"2020-06-10T12:23:56","date_gmt":"2020-06-10T10:23:56","guid":{"rendered":"https:\/\/smporres.archimadrid.es\/?page_id=3502"},"modified":"2020-06-10T12:23:56","modified_gmt":"2020-06-10T10:23:56","slug":"17-antes-de-ser-llevado-a-la-muerte","status":"publish","type":"page","link":"https:\/\/smporres.archimadrid.es\/?page_id=3502","title":{"rendered":"17. ANTES DE SER LLEVADO A LA MUERTE"},"content":{"rendered":"\n<p>ANTES DE SER LLEVADO A LA MUERTE,<br>VIENDO JES\u00daS SU HORA LLEGAR,<br>MANIFEST\u00d3 SU AMOR A LOS HOMBRES,<br>COMO NO HICIERA NADIE JAM\u00c1S.<\/p>\n\n\n\n<p>Toma en sus manos pan y les dice:<br>\u00abEsto es mi cuerpo, todos comed\u00bb.<br>Y levant\u00f3 la copa de vino:<br>\u00ab\u00c9sta es mi sangre que os doy a beber\u00bb.<\/p>\n\n\n\n<p>Cuerpo bendito, que se reparte,<br>por mil caminos, hecho manjar.<br>Buscas a todos para sanarlos,<br>T\u00fa le devuelves al hombre la paz.<\/p>\n\n\n\n<p>\u00abEl que se precie de ser mi amigo,<br>siga mi ejemplo, viva mi amor,<br>salga al encuentro de mis hermanos,<br>dando la vida lo mismo que yo\u00bb.<\/p>\n\n\n\n<p>Cuerpo de Cristo, cuerpo entregado,<br>muerto en la cruz por nuestra maldad,<br>grano de trigo resucitado,<br>germen de vida de la humanidad.<\/p>\n","protected":false},"excerpt":{"rendered":"<p>ANTES DE SER LLEVADO A LA MUERTE,VIENDO JES\u00daS SU HORA LLEGAR,MANIFEST\u00d3 SU AMOR A LOS HOMBRES,COMO NO HICIERA NADIE JAM\u00c1S. Toma en sus manos pan y les dice:\u00abEsto es mi [&hellip;]<\/p>\n","protected":false},"author":1,"featured_media":0,"parent":0,"menu_order":0,"comment_status":"closed","ping_status":"closed","template":"","meta":{"footnotes":""},"class_list":["post-3502","page","type-page","status-publish","hentry"],"_links":{"self":[{"href":"https:\/\/smporres.archimadrid.es\/index.php?rest_route=\/wp\/v2\/pages\/3502","targetHints":{"allow":["GET"]}}],"collection":[{"href":"https:\/\/smporres.archimadrid.es\/index.php?rest_route=\/wp\/v2\/pages"}],"about":[{"href":"https:\/\/smporres.archimadrid.es\/index.php?rest_route=\/wp\/v2\/types\/page"}],"author":[{"embeddable":true,"href":"https:\/\/smporres.archimadrid.es\/index.php?rest_route=\/wp\/v2\/users\/1"}],"replies":[{"embeddable":true,"href":"https:\/\/smporres.archimadrid.es\/index.php?rest_route=%2Fwp%2Fv2%2Fcomments&post=3502"}],"version-history":[{"count":1,"href":"https:\/\/smporres.archimadrid.es\/index.php?rest_route=\/wp\/v2\/pages\/3502\/revisions"}],"predecessor-version":[{"id":3503,"href":"https:\/\/smporres.archimadrid.es\/index.php?rest_route=\/wp\/v2\/pages\/3502\/revisions\/3503"}],"wp:attachment":[{"href":"https:\/\/smporres.archimadrid.es\/index.php?rest_route=%2Fwp%2Fv2%2Fmedia&parent=3502"}],"curies":[{"name":"wp","href":"https:\/\/api.w.org\/{rel}","templated":true}]}}