{"id":3500,"date":"2020-06-10T12:22:39","date_gmt":"2020-06-10T10:22:39","guid":{"rendered":"https:\/\/smporres.archimadrid.es\/?page_id=3500"},"modified":"2020-06-10T12:22:39","modified_gmt":"2020-06-10T10:22:39","slug":"16-alzaos-puertas","status":"publish","type":"page","link":"https:\/\/smporres.archimadrid.es\/?page_id=3500","title":{"rendered":"16. ALZAOS, PUERTAS"},"content":{"rendered":"\n<p>Del Se\u00f1or es la tierra (BIS)<br>Y todo aquello que contiene (BIS)<br>El orbe y sus habitantes.<\/p>\n\n\n\n<p>ALZAOS, PUERTAS,<br>ALZAD LOS DINTELES,<br>PUERTAS ETERNAS,<br>DEBE ENTRAR EL REY DE LA GLORIA,<br>DE LA GLORIA.<\/p>\n\n\n\n<p>\u00bfQui\u00e9n es ese Rey de la gloria? (BIS)<br>El Se\u00f1or, el fuerte, el valiente. (BIS)<br>El Se\u00f1or valiente en la batalla.<br>VALIENTE EN LA BATALLA.<\/p>\n\n\n\n<p>El Se\u00f1or de los ej\u00e9rcitos. (BIS)<br>El es, el Rey de la gloria.<br>EL REY DE LA GLORIA.<\/p>\n\n\n\n<p>\u00bfQui\u00e9n subir\u00e1 al monte del Se\u00f1or? (BIS)<br>El de manos inocentes y puro coraz\u00f3n. (BIS)<br>El que no conduce su vida por vanidad.<br>POR VANIDAD<\/p>\n\n\n\n<p>Y nosotros somos su iglesia. (BIS)<br>Que hoy viene a tu presencia. (BIS)<br>Que busca tu rostro, oh Dios de Jacob.<br>OH DIOS DE JACOB.<\/p>\n","protected":false},"excerpt":{"rendered":"<p>Del Se\u00f1or es la tierra (BIS)Y todo aquello que contiene (BIS)El orbe y sus habitantes. ALZAOS, PUERTAS,ALZAD LOS DINTELES,PUERTAS ETERNAS,DEBE ENTRAR EL REY DE LA GLORIA,DE LA GLORIA. \u00bfQui\u00e9n es [&hellip;]<\/p>\n","protected":false},"author":1,"featured_media":0,"parent":0,"menu_order":0,"comment_status":"closed","ping_status":"closed","template":"","meta":{"footnotes":""},"class_list":["post-3500","page","type-page","status-publish","hentry"],"_links":{"self":[{"href":"https:\/\/smporres.archimadrid.es\/index.php?rest_route=\/wp\/v2\/pages\/3500","targetHints":{"allow":["GET"]}}],"collection":[{"href":"https:\/\/smporres.archimadrid.es\/index.php?rest_route=\/wp\/v2\/pages"}],"about":[{"href":"https:\/\/smporres.archimadrid.es\/index.php?rest_route=\/wp\/v2\/types\/page"}],"author":[{"embeddable":true,"href":"https:\/\/smporres.archimadrid.es\/index.php?rest_route=\/wp\/v2\/users\/1"}],"replies":[{"embeddable":true,"href":"https:\/\/smporres.archimadrid.es\/index.php?rest_route=%2Fwp%2Fv2%2Fcomments&post=3500"}],"version-history":[{"count":1,"href":"https:\/\/smporres.archimadrid.es\/index.php?rest_route=\/wp\/v2\/pages\/3500\/revisions"}],"predecessor-version":[{"id":3501,"href":"https:\/\/smporres.archimadrid.es\/index.php?rest_route=\/wp\/v2\/pages\/3500\/revisions\/3501"}],"wp:attachment":[{"href":"https:\/\/smporres.archimadrid.es\/index.php?rest_route=%2Fwp%2Fv2%2Fmedia&parent=3500"}],"curies":[{"name":"wp","href":"https:\/\/api.w.org\/{rel}","templated":true}]}}