{"id":350,"date":"2017-12-06T17:47:40","date_gmt":"2017-12-06T17:47:40","guid":{"rendered":"https:\/\/smporres.archimadrid.es\/?page_id=350"},"modified":"2024-07-12T13:49:13","modified_gmt":"2024-07-12T11:49:13","slug":"caritas","status":"publish","type":"page","link":"https:\/\/smporres.archimadrid.es\/?page_id=350","title":{"rendered":"C\u00e1ritas parroquial"},"content":{"rendered":"<p>\u00abHijos m\u00edos, no amemos de palabra y de boca, sino de verdad y con obras\u00bb (<i>1<\/i>\u00a0<i>Jn<\/i>\u00a03,18). Estas palabras del ap\u00f3stol Juan expresan un imperativo que ning\u00fan cristiano puede ignorar&#8230;\u00a0Estamos llamados, por lo tanto, a tender la mano a los pobres, a encontrarlos, a mirarlos a los ojos, a abrazarlos, para hacerles sentir el calor del amor que rompe el c\u00edrculo de soledad. Su mano extendida hacia nosotros es tambi\u00e9n una llamada a salir de nuestras certezas y comodidades, y a reconocer el valor que tiene la pobreza en s\u00ed misma. <em>(Papa Francisco)<\/em><\/p>\n<p><img loading=\"lazy\" decoding=\"async\" class=\"aligncenter wp-image-669 size-medium\" src=\"https:\/\/smporres.archimadrid.es\/wp-content\/uploads\/2018\/04\/hermano-cooperador1-202x300.jpg\" alt=\"\" width=\"202\" height=\"300\" \/><\/p>\n<p>Nuestra Parroquia es pobre y est\u00e1 en medio de los pobres. Ponemos nuestros bienes en com\u00fan, como lo hac\u00eda la iglesia primitiva.<\/p>\n<p>El equipo de C\u00e1ritas est\u00e1 compuesto por personas formadas para ese servicio, que colaboran gratuitamente. Trabajan en conjunto con <a href=\"http:\/\/www.caritasmadrid.org\/\" target=\"_blank\" rel=\"noopener noreferrer\">C\u00e1ritas<\/a>\u00a0 de nuestro Arciprestazgo, de la Vicar\u00eda, Diocesana y con otras instituciones.<\/p>\n<p>Atendemos a muchas familias del barrio, proporcion\u00e1ndoles alimentos, ayudas para comedor, para la vivienda, cursos, talleres, apoyo escolar&#8230; y una larga lista de ayudas.<\/p>\n<p>Para cualquier cosa que necesit\u00e9is, os esperamos\u00a0los <strong>martes y jueves<\/strong>, <strong>de 11:00 a 13:30 h<\/strong>.\u00a0<\/p>\n\n\n<p><\/p>\n","protected":false},"excerpt":{"rendered":"<p>\u00abHijos m\u00edos, no amemos de palabra y de boca, sino de verdad y con obras\u00bb (1\u00a0Jn\u00a03,18). Estas palabras del ap\u00f3stol Juan expresan un imperativo que ning\u00fan cristiano puede ignorar&#8230;\u00a0Estamos llamados, [&hellip;]<\/p>\n","protected":false},"author":1,"featured_media":3344,"parent":0,"menu_order":0,"comment_status":"closed","ping_status":"closed","template":"","meta":{"footnotes":""},"class_list":["post-350","page","type-page","status-publish","has-post-thumbnail","hentry"],"_links":{"self":[{"href":"https:\/\/smporres.archimadrid.es\/index.php?rest_route=\/wp\/v2\/pages\/350","targetHints":{"allow":["GET"]}}],"collection":[{"href":"https:\/\/smporres.archimadrid.es\/index.php?rest_route=\/wp\/v2\/pages"}],"about":[{"href":"https:\/\/smporres.archimadrid.es\/index.php?rest_route=\/wp\/v2\/types\/page"}],"author":[{"embeddable":true,"href":"https:\/\/smporres.archimadrid.es\/index.php?rest_route=\/wp\/v2\/users\/1"}],"replies":[{"embeddable":true,"href":"https:\/\/smporres.archimadrid.es\/index.php?rest_route=%2Fwp%2Fv2%2Fcomments&post=350"}],"version-history":[{"count":21,"href":"https:\/\/smporres.archimadrid.es\/index.php?rest_route=\/wp\/v2\/pages\/350\/revisions"}],"predecessor-version":[{"id":5238,"href":"https:\/\/smporres.archimadrid.es\/index.php?rest_route=\/wp\/v2\/pages\/350\/revisions\/5238"}],"wp:featuredmedia":[{"embeddable":true,"href":"https:\/\/smporres.archimadrid.es\/index.php?rest_route=\/wp\/v2\/media\/3344"}],"wp:attachment":[{"href":"https:\/\/smporres.archimadrid.es\/index.php?rest_route=%2Fwp%2Fv2%2Fmedia&parent=350"}],"curies":[{"name":"wp","href":"https:\/\/api.w.org\/{rel}","templated":true}]}}