{"id":3494,"date":"2020-06-10T12:12:09","date_gmt":"2020-06-10T10:12:09","guid":{"rendered":"https:\/\/smporres.archimadrid.es\/?page_id=3494"},"modified":"2020-06-10T12:12:09","modified_gmt":"2020-06-10T10:12:09","slug":"13-alma-misionera","status":"publish","type":"page","link":"https:\/\/smporres.archimadrid.es\/?page_id=3494","title":{"rendered":"13. ALMA MISIONERA"},"content":{"rendered":"\n<p>Se\u00f1or, toma mi vida nueva<br>antes de que la espera<br>desgaste a\u00f1os en m\u00ed.<br>Estoy dispuesto a lo que quieras<br>no importa lo que sea<br>Tu ll\u00e1mame a servir.<\/p>\n\n\n\n<p>LL\u00c9VAME DONDE LOS HOMBRES<br>NECESITEN TUS PALABRAS,<br>NECESITEN, TUS GANAS DE VIVIR.<br>DONDE FALTE LA ESPERANZA,<br>DONDE FALTE LA ALEGR\u00cdA,<br>SIMPLEMENTE, POR NO SABER DE TI.<\/p>\n\n\n\n<p>Te doy, mi coraz\u00f3n sincero,<br>para gritar sin miedo<br>lo hermoso que es tu amor.<br>Tendr\u00e9 mis manos sin cansancio,<br>tu historia entre mis labios,<br>y fuerza en la oraci\u00f3n.<\/p>\n\n\n\n<p>Y as\u00ed, en marcha ir\u00e9 cantando,<br>Por pueblos predicando<br>tu grandeza Se\u00f1or.<br>Se\u00f1or, tengo alma misionera,<br>cond\u00faceme a la tierra,<br>que tenga sed de Dios.<\/p>\n","protected":false},"excerpt":{"rendered":"<p>Se\u00f1or, toma mi vida nuevaantes de que la esperadesgaste a\u00f1os en m\u00ed.Estoy dispuesto a lo que quierasno importa lo que seaTu ll\u00e1mame a servir. LL\u00c9VAME DONDE LOS HOMBRESNECESITEN TUS PALABRAS,NECESITEN, [&hellip;]<\/p>\n","protected":false},"author":1,"featured_media":0,"parent":0,"menu_order":0,"comment_status":"closed","ping_status":"closed","template":"","meta":{"footnotes":""},"class_list":["post-3494","page","type-page","status-publish","hentry"],"_links":{"self":[{"href":"https:\/\/smporres.archimadrid.es\/index.php?rest_route=\/wp\/v2\/pages\/3494","targetHints":{"allow":["GET"]}}],"collection":[{"href":"https:\/\/smporres.archimadrid.es\/index.php?rest_route=\/wp\/v2\/pages"}],"about":[{"href":"https:\/\/smporres.archimadrid.es\/index.php?rest_route=\/wp\/v2\/types\/page"}],"author":[{"embeddable":true,"href":"https:\/\/smporres.archimadrid.es\/index.php?rest_route=\/wp\/v2\/users\/1"}],"replies":[{"embeddable":true,"href":"https:\/\/smporres.archimadrid.es\/index.php?rest_route=%2Fwp%2Fv2%2Fcomments&post=3494"}],"version-history":[{"count":1,"href":"https:\/\/smporres.archimadrid.es\/index.php?rest_route=\/wp\/v2\/pages\/3494\/revisions"}],"predecessor-version":[{"id":3495,"href":"https:\/\/smporres.archimadrid.es\/index.php?rest_route=\/wp\/v2\/pages\/3494\/revisions\/3495"}],"wp:attachment":[{"href":"https:\/\/smporres.archimadrid.es\/index.php?rest_route=%2Fwp%2Fv2%2Fmedia&parent=3494"}],"curies":[{"name":"wp","href":"https:\/\/api.w.org\/{rel}","templated":true}]}}