{"id":3490,"date":"2020-06-10T12:09:53","date_gmt":"2020-06-10T10:09:53","guid":{"rendered":"https:\/\/smporres.archimadrid.es\/?page_id=3490"},"modified":"2020-06-10T12:09:53","modified_gmt":"2020-06-10T10:09:53","slug":"11-aleluya-pascual","status":"publish","type":"page","link":"https:\/\/smporres.archimadrid.es\/?page_id=3490","title":{"rendered":"11. ALELUYA PASCUAL"},"content":{"rendered":"\n<p>ALELUYA, ALELU, ALELUYA,<br>ALELUYA, ALELUYA (BIS).<\/p>\n\n\n\n<p>Este es el d\u00eda en que actu\u00f3 el Se\u00f1or<br>Sea nuestra alegr\u00eda y nuestro gozo<br>Dad gracias al Se\u00f1or porque es bueno<br>Porque es eterna su misericordia<br>\u00a1aleluya, aleluya!<\/p>\n\n\n\n<p>Que lo diga la casa de Israel<br>Es eterna su misericordia<br>Que lo diga la casa de Aar\u00f3n<br>Es eterna su misericordia<br>Que lo digan los fieles del Se\u00f1or<br>Es eterna su misericordia.<br>\u00a1aleluya, aleluya!<\/p>\n","protected":false},"excerpt":{"rendered":"<p>ALELUYA, ALELU, ALELUYA,ALELUYA, ALELUYA (BIS). Este es el d\u00eda en que actu\u00f3 el Se\u00f1orSea nuestra alegr\u00eda y nuestro gozoDad gracias al Se\u00f1or porque es buenoPorque es eterna su misericordia\u00a1aleluya, aleluya! [&hellip;]<\/p>\n","protected":false},"author":1,"featured_media":0,"parent":0,"menu_order":0,"comment_status":"closed","ping_status":"closed","template":"","meta":{"footnotes":""},"class_list":["post-3490","page","type-page","status-publish","hentry"],"_links":{"self":[{"href":"https:\/\/smporres.archimadrid.es\/index.php?rest_route=\/wp\/v2\/pages\/3490","targetHints":{"allow":["GET"]}}],"collection":[{"href":"https:\/\/smporres.archimadrid.es\/index.php?rest_route=\/wp\/v2\/pages"}],"about":[{"href":"https:\/\/smporres.archimadrid.es\/index.php?rest_route=\/wp\/v2\/types\/page"}],"author":[{"embeddable":true,"href":"https:\/\/smporres.archimadrid.es\/index.php?rest_route=\/wp\/v2\/users\/1"}],"replies":[{"embeddable":true,"href":"https:\/\/smporres.archimadrid.es\/index.php?rest_route=%2Fwp%2Fv2%2Fcomments&post=3490"}],"version-history":[{"count":1,"href":"https:\/\/smporres.archimadrid.es\/index.php?rest_route=\/wp\/v2\/pages\/3490\/revisions"}],"predecessor-version":[{"id":3491,"href":"https:\/\/smporres.archimadrid.es\/index.php?rest_route=\/wp\/v2\/pages\/3490\/revisions\/3491"}],"wp:attachment":[{"href":"https:\/\/smporres.archimadrid.es\/index.php?rest_route=%2Fwp%2Fv2%2Fmedia&parent=3490"}],"curies":[{"name":"wp","href":"https:\/\/api.w.org\/{rel}","templated":true}]}}