{"id":3488,"date":"2020-06-10T12:08:59","date_gmt":"2020-06-10T10:08:59","guid":{"rendered":"https:\/\/smporres.archimadrid.es\/?page_id=3488"},"modified":"2020-06-10T12:08:59","modified_gmt":"2020-06-10T10:08:59","slug":"10-aleluya-bendecid-al-senor","status":"publish","type":"page","link":"https:\/\/smporres.archimadrid.es\/?page_id=3488","title":{"rendered":"10. ALELUYA, BENDECID AL SE\u00d1OR"},"content":{"rendered":"\n<p>ALELU, ALELU, ALE E LU U YA,<br>ALELU, ALELU, ALE E LU U YA.<\/p>\n\n\n\n<p>Bendecid al Se\u00f1or, bendecid al Se\u00f1or<br>vosotros los siervos del Se\u00f1or.<br>Bendecid al Se\u00f1or, bendecid al Se\u00f1or<br>vosotros que est\u00e1is en la casa del Se\u00f1or.<br>Alzad a \u00c9l las manos, alzad a \u00c9l las manos<br>y bendecid al Se\u00f1or.<br>Vosotros que est\u00e1is en la casa del Se\u00f1or<br>durante la noche.<\/p>\n\n\n\n<p>ALELUYA, ALELUYA, A A LE E LU U YA,<br>ALELUYA, ALELUYA, A A LE E LU U YA,<br>ALELU, ALELU, ALE E LU U YA,<br>ALELU, ALELU, ALE E LU U YA.<\/p>\n","protected":false},"excerpt":{"rendered":"<p>ALELU, ALELU, ALE E LU U YA,ALELU, ALELU, ALE E LU U YA. Bendecid al Se\u00f1or, bendecid al Se\u00f1orvosotros los siervos del Se\u00f1or.Bendecid al Se\u00f1or, bendecid al Se\u00f1orvosotros que est\u00e1is [&hellip;]<\/p>\n","protected":false},"author":1,"featured_media":0,"parent":0,"menu_order":0,"comment_status":"closed","ping_status":"closed","template":"","meta":{"footnotes":""},"class_list":["post-3488","page","type-page","status-publish","hentry"],"_links":{"self":[{"href":"https:\/\/smporres.archimadrid.es\/index.php?rest_route=\/wp\/v2\/pages\/3488","targetHints":{"allow":["GET"]}}],"collection":[{"href":"https:\/\/smporres.archimadrid.es\/index.php?rest_route=\/wp\/v2\/pages"}],"about":[{"href":"https:\/\/smporres.archimadrid.es\/index.php?rest_route=\/wp\/v2\/types\/page"}],"author":[{"embeddable":true,"href":"https:\/\/smporres.archimadrid.es\/index.php?rest_route=\/wp\/v2\/users\/1"}],"replies":[{"embeddable":true,"href":"https:\/\/smporres.archimadrid.es\/index.php?rest_route=%2Fwp%2Fv2%2Fcomments&post=3488"}],"version-history":[{"count":1,"href":"https:\/\/smporres.archimadrid.es\/index.php?rest_route=\/wp\/v2\/pages\/3488\/revisions"}],"predecessor-version":[{"id":3489,"href":"https:\/\/smporres.archimadrid.es\/index.php?rest_route=\/wp\/v2\/pages\/3488\/revisions\/3489"}],"wp:attachment":[{"href":"https:\/\/smporres.archimadrid.es\/index.php?rest_route=%2Fwp%2Fv2%2Fmedia&parent=3488"}],"curies":[{"name":"wp","href":"https:\/\/api.w.org\/{rel}","templated":true}]}}