{"id":3486,"date":"2020-06-10T12:07:51","date_gmt":"2020-06-10T10:07:51","guid":{"rendered":"https:\/\/smporres.archimadrid.es\/?page_id=3486"},"modified":"2020-06-10T12:07:51","modified_gmt":"2020-06-10T10:07:51","slug":"9-aleluya-musica-cohen","status":"publish","type":"page","link":"https:\/\/smporres.archimadrid.es\/?page_id=3486","title":{"rendered":"9. ALELUYA (M\u00daSICA COHEN)"},"content":{"rendered":"\n<p>Comienza pronto a amanecer<br>y acuden tristes hasta El<br>la muerte se ha llevado su esperanza,<br>Perfumes, vendas, llevar\u00e1n<br>mujeres solas temblar\u00e1n<br>al ver que estaba movida la piedra.<\/p>\n\n\n\n<p>ALELUYA, ALELUYA,<br>ALELUYA, ALELU-U-U-U-YA<\/p>\n\n\n\n<p>Al contemplarlo sin saber<br>sus l\u00e1grimas no dejan ver<br>a un hombre que parece el jardinero.<br>Pregunta donde lo llev\u00f3<br>el cuerpo de aquel su Se\u00f1or<br>y de sus labios brotan sus palabras.<\/p>\n\n\n\n<p>\u00abSoy yo el Se\u00f1or y estoy aqu\u00ed<br>resucitado junto a ti<br>me abrazas y te sientes ya en el cielo\u00bb.<br>La Vida triunfa frente el mal<br>la Gloria se hace Ni\u00f1o y Pan<br>y se comparte al mundo en aleluya.<\/p>\n\n\n\n<p>Oh Madre buena de Jes\u00fas<br>llorando al borde de la cruz<br>esclava del Se\u00f1or t\u00fa te has fiado.<br>Tu ni\u00f1o pobre de bel\u00e9n<br>y tu calor en Nazaret<br>es el Se\u00f1or Jes\u00fas Resucitado.<\/p>\n\n\n\n<p>La Iglesia brilla en su Verdad<br>y lucha en la dificultad<br>sabiendo que Jes\u00fas vive por siempre.<br>No habr\u00e1 pecado ni maldad<br>que de \u00c9l nos pueda separar<br>Y siempre repitamos: \u00a1aleluya!<\/p>\n","protected":false},"excerpt":{"rendered":"<p>Comienza pronto a amanecery acuden tristes hasta Ella muerte se ha llevado su esperanza,Perfumes, vendas, llevar\u00e1nmujeres solas temblar\u00e1nal ver que estaba movida la piedra. ALELUYA, ALELUYA,ALELUYA, ALELU-U-U-U-YA Al contemplarlo sin [&hellip;]<\/p>\n","protected":false},"author":1,"featured_media":0,"parent":0,"menu_order":0,"comment_status":"closed","ping_status":"closed","template":"","meta":{"footnotes":""},"class_list":["post-3486","page","type-page","status-publish","hentry"],"_links":{"self":[{"href":"https:\/\/smporres.archimadrid.es\/index.php?rest_route=\/wp\/v2\/pages\/3486","targetHints":{"allow":["GET"]}}],"collection":[{"href":"https:\/\/smporres.archimadrid.es\/index.php?rest_route=\/wp\/v2\/pages"}],"about":[{"href":"https:\/\/smporres.archimadrid.es\/index.php?rest_route=\/wp\/v2\/types\/page"}],"author":[{"embeddable":true,"href":"https:\/\/smporres.archimadrid.es\/index.php?rest_route=\/wp\/v2\/users\/1"}],"replies":[{"embeddable":true,"href":"https:\/\/smporres.archimadrid.es\/index.php?rest_route=%2Fwp%2Fv2%2Fcomments&post=3486"}],"version-history":[{"count":1,"href":"https:\/\/smporres.archimadrid.es\/index.php?rest_route=\/wp\/v2\/pages\/3486\/revisions"}],"predecessor-version":[{"id":3487,"href":"https:\/\/smporres.archimadrid.es\/index.php?rest_route=\/wp\/v2\/pages\/3486\/revisions\/3487"}],"wp:attachment":[{"href":"https:\/\/smporres.archimadrid.es\/index.php?rest_route=%2Fwp%2Fv2%2Fmedia&parent=3486"}],"curies":[{"name":"wp","href":"https:\/\/api.w.org\/{rel}","templated":true}]}}