{"id":3480,"date":"2020-06-10T12:04:16","date_gmt":"2020-06-10T10:04:16","guid":{"rendered":"https:\/\/smporres.archimadrid.es\/?page_id=3480"},"modified":"2020-06-10T12:04:16","modified_gmt":"2020-06-10T10:04:16","slug":"6-alabare","status":"publish","type":"page","link":"https:\/\/smporres.archimadrid.es\/?page_id=3480","title":{"rendered":"6. ALABAR\u00c9"},"content":{"rendered":"\n<p>ALABARE, ALABARE,<br>ALABARE, ALABARE<br>ALABARE A MI SE\u00d1OR (BIS)<\/p>\n\n\n\n<p>Todos unidos, alegres cantamos<br>glorias y alabanzas al Se\u00f1or<br>gloria al Padre, gloria al Hijo<br>y gloria al Esp\u00edritu de Amor.<\/p>\n\n\n\n<p>Somos tus hijos, Dios Padre Eterno<br>T\u00fa nos has creado por amor,<br>te adoramos, te bendecimos<br>y todos cantamos en tu honor.<\/p>\n","protected":false},"excerpt":{"rendered":"<p>ALABARE, ALABARE,ALABARE, ALABAREALABARE A MI SE\u00d1OR (BIS) Todos unidos, alegres cantamosglorias y alabanzas al Se\u00f1orgloria al Padre, gloria al Hijoy gloria al Esp\u00edritu de Amor. Somos tus hijos, Dios Padre [&hellip;]<\/p>\n","protected":false},"author":1,"featured_media":0,"parent":0,"menu_order":0,"comment_status":"closed","ping_status":"closed","template":"","meta":{"footnotes":""},"class_list":["post-3480","page","type-page","status-publish","hentry"],"_links":{"self":[{"href":"https:\/\/smporres.archimadrid.es\/index.php?rest_route=\/wp\/v2\/pages\/3480","targetHints":{"allow":["GET"]}}],"collection":[{"href":"https:\/\/smporres.archimadrid.es\/index.php?rest_route=\/wp\/v2\/pages"}],"about":[{"href":"https:\/\/smporres.archimadrid.es\/index.php?rest_route=\/wp\/v2\/types\/page"}],"author":[{"embeddable":true,"href":"https:\/\/smporres.archimadrid.es\/index.php?rest_route=\/wp\/v2\/users\/1"}],"replies":[{"embeddable":true,"href":"https:\/\/smporres.archimadrid.es\/index.php?rest_route=%2Fwp%2Fv2%2Fcomments&post=3480"}],"version-history":[{"count":1,"href":"https:\/\/smporres.archimadrid.es\/index.php?rest_route=\/wp\/v2\/pages\/3480\/revisions"}],"predecessor-version":[{"id":3481,"href":"https:\/\/smporres.archimadrid.es\/index.php?rest_route=\/wp\/v2\/pages\/3480\/revisions\/3481"}],"wp:attachment":[{"href":"https:\/\/smporres.archimadrid.es\/index.php?rest_route=%2Fwp%2Fv2%2Fmedia&parent=3480"}],"curies":[{"name":"wp","href":"https:\/\/api.w.org\/{rel}","templated":true}]}}