{"id":3470,"date":"2020-06-10T11:57:49","date_gmt":"2020-06-10T09:57:49","guid":{"rendered":"https:\/\/smporres.archimadrid.es\/?page_id=3470"},"modified":"2020-06-10T12:00:40","modified_gmt":"2020-06-10T10:00:40","slug":"2-acuerdate-de-jesucristo","status":"publish","type":"page","link":"https:\/\/smporres.archimadrid.es\/?page_id=3470","title":{"rendered":"2. ACU\u00c9RDATE DE JESUCRISTO"},"content":{"rendered":"\n<p>ACU\u00c9RDATE DE JESUCRISTO,<br>RESUCITADO DE ENTRE LOS MUERTOS.<br>\u00c9L ES NUESTRA SALVACI\u00d3N,<br>NUESTRA GLORIA PARA SIEMPRE<\/p>\n\n\n\n<p>Si con \u00c9l morimos, viviremos con \u00c9l.<br>Si con \u00c9l sufrimos, reinaremos con \u00c9l.<\/p>\n\n\n\n<p>En \u00c9l nuestras penas, en \u00c9l nuestro gozo,<br>en \u00c9l la esperanza, en \u00c9l nuestro amor.<\/p>\n\n\n\n<p>En \u00c9l toda gracia, en \u00c9l nuestra paz,<br>en \u00c9l nuestra gloria, en \u00c9l la salvaci\u00f3n.<\/p>\n","protected":false},"excerpt":{"rendered":"<p>ACU\u00c9RDATE DE JESUCRISTO,RESUCITADO DE ENTRE LOS MUERTOS.\u00c9L ES NUESTRA SALVACI\u00d3N,NUESTRA GLORIA PARA SIEMPRE Si con \u00c9l morimos, viviremos con \u00c9l.Si con \u00c9l sufrimos, reinaremos con \u00c9l. En \u00c9l nuestras penas, [&hellip;]<\/p>\n","protected":false},"author":1,"featured_media":0,"parent":0,"menu_order":0,"comment_status":"closed","ping_status":"closed","template":"","meta":{"footnotes":""},"class_list":["post-3470","page","type-page","status-publish","hentry"],"_links":{"self":[{"href":"https:\/\/smporres.archimadrid.es\/index.php?rest_route=\/wp\/v2\/pages\/3470","targetHints":{"allow":["GET"]}}],"collection":[{"href":"https:\/\/smporres.archimadrid.es\/index.php?rest_route=\/wp\/v2\/pages"}],"about":[{"href":"https:\/\/smporres.archimadrid.es\/index.php?rest_route=\/wp\/v2\/types\/page"}],"author":[{"embeddable":true,"href":"https:\/\/smporres.archimadrid.es\/index.php?rest_route=\/wp\/v2\/users\/1"}],"replies":[{"embeddable":true,"href":"https:\/\/smporres.archimadrid.es\/index.php?rest_route=%2Fwp%2Fv2%2Fcomments&post=3470"}],"version-history":[{"count":2,"href":"https:\/\/smporres.archimadrid.es\/index.php?rest_route=\/wp\/v2\/pages\/3470\/revisions"}],"predecessor-version":[{"id":3475,"href":"https:\/\/smporres.archimadrid.es\/index.php?rest_route=\/wp\/v2\/pages\/3470\/revisions\/3475"}],"wp:attachment":[{"href":"https:\/\/smporres.archimadrid.es\/index.php?rest_route=%2Fwp%2Fv2%2Fmedia&parent=3470"}],"curies":[{"name":"wp","href":"https:\/\/api.w.org\/{rel}","templated":true}]}}