{"id":3114,"date":"2019-11-17T21:51:52","date_gmt":"2019-11-17T19:51:52","guid":{"rendered":"https:\/\/smporres.archimadrid.es\/?page_id=3114"},"modified":"2019-11-17T22:23:34","modified_gmt":"2019-11-17T20:23:34","slug":"oratorio-de-san-martin","status":"publish","type":"page","link":"https:\/\/smporres.archimadrid.es\/?page_id=3114","title":{"rendered":"Oratorio de San Mart\u00edn"},"content":{"rendered":"\n<p>Nos reunimos en familia ante la capilla de San Mart\u00edn y rezamos juntos:<\/p>\n\n\n\n<h3 class=\"wp-block-heading\">ORACI\u00d3N INICIAL <\/h3>\n\n\n\n<p>Se\u00f1or Nuestro Jesucristo, que dijiste \u00abpedid y recibir\u00e9is\u00bb, humildemente te suplicamos que, por la intercesi\u00f3n de San Mart\u00edn de Porres, escuches nuestros ruegos.<\/p>\n\n\n\n<p>Renueva, te suplicamos, los milagros que por su intercesi\u00f3n durante su vida realizaste, y conc\u00e9denos la gracia que te pedimos si es para bien de nuestra alma. Am\u00e9n.<\/p>\n\n\n\n<h3 class=\"wp-block-heading\">SANTO ROSARIO<\/h3>\n\n\n\n<p>Se reza el rosario con los misterios correspondientes al d\u00eda. <\/p>\n\n\n\n<h3 class=\"wp-block-heading\">LETAN\u00cdA DE SAN MART\u00cdN <\/h3>\n\n\n\n<ul class=\"wp-block-list\"><li>Se\u00f1or, ten piedad de nosotros<\/li><li>Cristo, ten piedad de nosotros<\/li><li>Se\u00f1or, ten piedad de nosotros<\/li><li>Cristo, esc\u00fachanos<\/li><li>Cristo, esc\u00fachanos con gracia<\/li><li>Dios, Padre Celestial, ten piedad de nosotros<\/li><li>Dios, el Hijo, Redentor del mundo, ten piedad de nosotros<\/li><li>Dios, el Esp\u00edritu Santo, ten piedad de nosotros<\/li><li>Sant\u00edsima Trinidad, Dios \u00danico, ten piedad de nosotros<\/li><li>Santa Mar\u00eda, Reina del Sant\u00edsimo Rosario, ruega por nosotros<\/li><li>San Mart\u00edn, siempre en la presencia de Dios, ruega por nosotros<\/li><li>San Mart\u00edn, fiel servidor de Cristo, ruega por nosotros<\/li><li>San Mart\u00edn, amante de la Sagrada Eucarist\u00eda, ruega por nosotros<\/li><li>San Mart\u00edn, devoto de la Madre, ruega por nosotros<\/li><li>San Mart\u00edn, patr\u00f3n espiritual de los americanos, ruega por nosotros<\/li><li>San Mart\u00edn, elevado de las profundidades a una mansi\u00f3n celestial, ruega por nosotros<\/li><li>San Mart\u00edn, honorable hijo de Santo Domingo, ruega por nosotros<\/li><li>San Mart\u00edn, amante del Sant\u00edsimo Rosario, ruega por nosotros<\/li><li>San Mart\u00edn, ap\u00f3stol de la misericordia, ruega por nosotros<\/li><li>San Mart\u00edn, ministro alado de la caridad, ruega por nosotros<\/li><li>San Mart\u00edn, llevado milagrosamente a tierras lejanas, ruega por nosotros<\/li><li>San Mart\u00edn, liberado de las barreras del tiempo y del espacio, ruega por nosotros<\/li><li>San Mart\u00edn, que busca la conversi\u00f3n de los pecadores, ruega por nosotros<\/li><li>San Mart\u00edn, protector de los tentados y arrepentidos, ruega por nosotros<\/li><li>San Mart\u00edn, ayudante de las almas en duda y en tinieblas, ruega por nosotros<\/li><li>San Mart\u00edn, compasivo con los afligidos, ruega por nosotros<\/li><li>San Mart\u00edn, consolador de los desanimados y desdichados, ruega por nosotros<\/li><li>San Mart\u00edn, pacificador en todas las discordias, ruega por nosotros<\/li><li>San Mart\u00edn, conmovido por todo sufrimiento, ruega por nosotros<\/li><li>San Mart\u00edn, consolador de los enfermos y moribundos, ruega por nosotros<\/li><li>San Mart\u00edn, \u00e1ngel de los hospitales y prisiones, ruega por nosotros<\/li><li>San Mart\u00edn, obrero de curas milagrosas, ruega por nosotros<\/li><li>San Mart\u00edn, guardi\u00e1n del ni\u00f1o sin hogar, ruega por nosotros<\/li><li>San Mart\u00edn, que esconde humildemente los poderes que Dios le ha dado, ruega por nosotros<\/li><li>San Mart\u00edn, devoto de la santa pobreza, ruega por nosotros<\/li><li>San Mart\u00edn, modelo de obediencia, ruega por nosotros<\/li><li>San Mart\u00edn, amante de la penitencia heroica, ruega por nosotros<\/li><li>San Mart\u00edn, fuerte en la abnegaci\u00f3n, ruega por nosotros<\/li><li>San Mart\u00edn, realizando tareas serviles con santo ardor, ruega por nosotros.<\/li><li>San Mart\u00edn, dotado de profec\u00eda, ruega por nosotros<\/li><li>San Mart\u00edn, s\u00edmbolo de la fraternidad interracial, ruega por nosotros<\/li><li>Cordero de Dios, que quitas el pecado del mundo, perdona nuestras ofensas, Se\u00f1or.<\/li><\/ul>\n\n\n\n<h3 class=\"wp-block-heading\"><strong>ORACI\u00d3N<\/strong> <strong>SILENCIOSA<\/strong> <\/h3>\n\n\n\n<p>Se hacen siete minutos de oraci\u00f3n silenciosa.<\/p>\n\n\n\n<h3 class=\"wp-block-heading\"><strong>ORACI\u00d3N<\/strong> PARA PEDIR UN FAVOR <\/h3>\n\n\n\n<p>Quiero sentir tu poderosa intercesi\u00f3n. T\u00fa, que viviste s\u00f3lo para Dios y para tus hermanos, que tan sol\u00edcito fuiste en socorrer a los necesitados, escucha a quienes admiramos tus virtudes.<\/p>\n\n\n\n<p>Conf\u00edo en tu poderoso valimiento para que, intercediendo ante el Dios de bondad, me sean perdonados mis pecados y me vea libre de males y desgracias.<\/p>\n\n\n\n<p>Alc\u00e1nzame tu esp\u00edritu de caridad y servicio para que amorosamente te sirva entregado a mis hermanos y a hacer el bien.<\/p>\n\n\n\n<p>Padre celestial, por los m\u00e9ritos de tu fiel siervo San Mart\u00edn, ay\u00fadame en mis problemas y no permitas que quede confundida mi esperanza.<\/p>\n\n\n\n<p>Te lo pedimos por Jesucristo, nuestro Se\u00f1or. Am\u00e9n.<\/p>\n\n\n\n<p><\/p>\n","protected":false},"excerpt":{"rendered":"<p>Nos reunimos en familia ante la capilla de San Mart\u00edn y rezamos juntos: ORACI\u00d3N INICIAL Se\u00f1or Nuestro Jesucristo, que dijiste \u00abpedid y recibir\u00e9is\u00bb, humildemente te suplicamos que, por la intercesi\u00f3n [&hellip;]<\/p>\n","protected":false},"author":1,"featured_media":3113,"parent":0,"menu_order":0,"comment_status":"closed","ping_status":"closed","template":"","meta":{"footnotes":""},"class_list":["post-3114","page","type-page","status-publish","has-post-thumbnail","hentry"],"_links":{"self":[{"href":"https:\/\/smporres.archimadrid.es\/index.php?rest_route=\/wp\/v2\/pages\/3114","targetHints":{"allow":["GET"]}}],"collection":[{"href":"https:\/\/smporres.archimadrid.es\/index.php?rest_route=\/wp\/v2\/pages"}],"about":[{"href":"https:\/\/smporres.archimadrid.es\/index.php?rest_route=\/wp\/v2\/types\/page"}],"author":[{"embeddable":true,"href":"https:\/\/smporres.archimadrid.es\/index.php?rest_route=\/wp\/v2\/users\/1"}],"replies":[{"embeddable":true,"href":"https:\/\/smporres.archimadrid.es\/index.php?rest_route=%2Fwp%2Fv2%2Fcomments&post=3114"}],"version-history":[{"count":4,"href":"https:\/\/smporres.archimadrid.es\/index.php?rest_route=\/wp\/v2\/pages\/3114\/revisions"}],"predecessor-version":[{"id":3122,"href":"https:\/\/smporres.archimadrid.es\/index.php?rest_route=\/wp\/v2\/pages\/3114\/revisions\/3122"}],"wp:featuredmedia":[{"embeddable":true,"href":"https:\/\/smporres.archimadrid.es\/index.php?rest_route=\/wp\/v2\/media\/3113"}],"wp:attachment":[{"href":"https:\/\/smporres.archimadrid.es\/index.php?rest_route=%2Fwp%2Fv2%2Fmedia&parent=3114"}],"curies":[{"name":"wp","href":"https:\/\/api.w.org\/{rel}","templated":true}]}}