{"id":244,"date":"2017-12-06T16:49:12","date_gmt":"2017-12-06T15:49:12","guid":{"rendered":"https:\/\/smporres.archimadrid.es\/?page_id=244"},"modified":"2024-11-04T17:58:43","modified_gmt":"2024-11-04T16:58:43","slug":"la-parroquia","status":"publish","type":"page","link":"https:\/\/smporres.archimadrid.es\/","title":{"rendered":"\u00bfQui\u00e9nes somos?"},"content":{"rendered":"\n<p><span style=\"color: #000000;\">Nuestra parroquia est\u00e1 situada en el <\/span><span style=\"color: #000000;\">Distrito de Hortaleza<\/span><span style=\"color: #000000;\">, en el norte de la ciudad de <\/span><span style=\"color: #000000;\">Madrid<\/span><span style=\"color: #000000;\">. Comprende tres barrios: la <\/span><span style=\"color: #000000;\">U.V.A. de Hortaleza<\/span><span style=\"color: #000000;\"> y parte de otros dos barrios, el <\/span><span style=\"color: #000000;\">Parque de Santa Mar\u00eda<\/span><span style=\"color: #000000;\"> y <\/span><span style=\"color: #000000;\">Virgen del Carmen<\/span><span style=\"color: #000000;\">.<\/span><\/p>\n\n\n<div class=\"wp-block-image\">\n<figure class=\"aligncenter\"><img loading=\"lazy\" decoding=\"async\" width=\"1024\" height=\"543\" src=\"https:\/\/smporres.archimadrid.es\/wp-content\/uploads\/2018\/05\/D37C27EE-E800-43D9-8DE7-4C4197273830-1024x543.jpeg\" alt=\"\" class=\"wp-image-1350\" srcset=\"https:\/\/smporres.archimadrid.es\/wp-content\/uploads\/2018\/05\/D37C27EE-E800-43D9-8DE7-4C4197273830-1024x543.jpeg 1024w, https:\/\/smporres.archimadrid.es\/wp-content\/uploads\/2018\/05\/D37C27EE-E800-43D9-8DE7-4C4197273830-300x159.jpeg 300w, https:\/\/smporres.archimadrid.es\/wp-content\/uploads\/2018\/05\/D37C27EE-E800-43D9-8DE7-4C4197273830-768x408.jpeg 768w\" sizes=\"auto, (max-width: 1024px) 100vw, 1024px\" \/><\/figure>\n<\/div>\n\n\n<p><\/p>\n\n\n\n<p><span style=\"color: #000000;\">Los l\u00edmites de la parroquia son las calles <\/span><span style=\"color: #000000;\">Virgen del Carmen<\/span><span style=\"color: #000000;\">, <\/span><span style=\"color: #000000;\">Santa Susana<\/span>, <span style=\"color: #000000;\">M11 y la <\/span><span style=\"color: #000000;\">Carretera de la Estaci\u00f3n de Hortaleza<\/span><span style=\"color: #000000;\">.<\/span><\/p>\n\n\n<div class=\"wp-block-image\">\n<figure class=\"aligncenter\"><img loading=\"lazy\" decoding=\"async\" width=\"1024\" height=\"832\" src=\"https:\/\/smporres.archimadrid.es\/wp-content\/uploads\/2018\/04\/IMG_4732-e1524217924708-1024x832.jpg\" alt=\"\" class=\"wp-image-759\" srcset=\"https:\/\/smporres.archimadrid.es\/wp-content\/uploads\/2018\/04\/IMG_4732-e1524217924708-1024x832.jpg 1024w, https:\/\/smporres.archimadrid.es\/wp-content\/uploads\/2018\/04\/IMG_4732-e1524217924708-300x244.jpg 300w, https:\/\/smporres.archimadrid.es\/wp-content\/uploads\/2018\/04\/IMG_4732-e1524217924708-768x624.jpg 768w\" sizes=\"auto, (max-width: 1024px) 100vw, 1024px\" \/><\/figure>\n<\/div>\n\n\n<p><\/p>\n\n\n\n<p><span style=\"color: #000000;\">Se puede acceder a ella a trav\u00e9s del Metro <\/span><span style=\"color: #000000;\">(<\/span><span style=\"color: #000000;\"><a href=\"https:\/\/www.metromadrid.es\/es\/viaja_en_metro\/red_de_metro\/lineas_y_horarios\/linea04.html\">L\u00ednea 4<\/a><\/span><span style=\"color: #000000;\"> &#8211; Estaci\u00f3n de Hortaleza) y de la E.M.T. (<\/span><span style=\"color: #000000;\"><a href=\"http:\/\/www.emtmadrid.es\/Bloques-EMT\/EMT-BUS\/Mi-linea-(1).aspx?linea=9&amp;lang=es-ES\">l\u00ednea 9<\/a><\/span><span style=\"color: #000000;\"> y <\/span><span style=\"color: #000000;\"><a href=\"http:\/\/www.crtm.es\/datos_lineas\/horarios\/6107H1.pdf\">l\u00ednea 107<\/a><\/span><span style=\"color: #000000;\">).<\/span><\/p>\n\n\n\n<p><iframe loading=\"lazy\" style=\"border: 0;\" src=\"https:\/\/www.google.com\/maps\/embed?pb=!1m14!1m8!1m3!1d12139.833007535044!2d-3.6504029!3d40.4761886!3m2!1i1024!2i768!4f13.1!3m3!1m2!1s0x0%3A0x931ef391a31f8baf!2sParroquia+de+San+Mart%C3%ADn+de+Porres!5e0!3m2!1ses!2ses!4v1512686881686\" width=\"600\" height=\"450\" frameborder=\"0\" allowfullscreen=\"allowfullscreen\"><\/iframe><\/p>\n\n\n\n<div class=\"google-maps\"><\/div>\n\n\n\n<h2 class=\"wp-block-heading\"><span style=\"color: #000000;\"><strong>EL TEMPLO<\/strong><\/span><\/h2>\n\n\n\n<p><span style=\"color: #000000;\">Est\u00e1 situado entre las calles Abegondo y Abarzuza. Fue consagrado el<\/span><span style=\"color: #000000;\"> 15 de marzo de 1965<\/span><span style=\"color: #000000;\"> por <\/span><span style=\"color: #000000;\"><a href=\"https:\/\/es.wikipedia.org\/wiki\/Casimiro_Morcillo_Gonz\u00e1lez\">D. Casimiro Morcillo<\/a><\/span><span style=\"color: #000000;\">, poco tiempo despu\u00e9s de la creaci\u00f3n de la U.V.A.<\/span><\/p>\n\n\n<div class=\"wp-block-image\">\n<figure class=\"aligncenter size-large\"><img loading=\"lazy\" decoding=\"async\" width=\"1024\" height=\"768\" src=\"https:\/\/smporres.archimadrid.es\/wp-content\/uploads\/2024\/11\/IMG_6609-1024x768.jpeg\" alt=\"\" class=\"wp-image-5391\" srcset=\"https:\/\/smporres.archimadrid.es\/wp-content\/uploads\/2024\/11\/IMG_6609-1024x768.jpeg 1024w, https:\/\/smporres.archimadrid.es\/wp-content\/uploads\/2024\/11\/IMG_6609-300x225.jpeg 300w, https:\/\/smporres.archimadrid.es\/wp-content\/uploads\/2024\/11\/IMG_6609-768x576.jpeg 768w, https:\/\/smporres.archimadrid.es\/wp-content\/uploads\/2024\/11\/IMG_6609-1536x1152.jpeg 1536w, https:\/\/smporres.archimadrid.es\/wp-content\/uploads\/2024\/11\/IMG_6609-2048x1536.jpeg 2048w\" sizes=\"auto, (max-width: 1024px) 100vw, 1024px\" \/><\/figure>\n<\/div>\n\n\n<p><span style=\"color: #000000;\">Es de planta rectangular, con una nave di\u00e1fana de unos 1500 m2. El altar mayor est\u00e1 presidido por un gran mural de ladrillos, en el que se encuentra clavado un Cristo de hierro y cemento. A ambos lados hay vidrieras de colores y las im\u00e1genes de San Mart\u00edn de Porres y de la Inmaculada Virgen Mar\u00eda. <\/span><\/p>\n\n\n<div class=\"wp-block-image\">\n<figure class=\"aligncenter size-large\"><img loading=\"lazy\" decoding=\"async\" width=\"1024\" height=\"768\" src=\"https:\/\/smporres.archimadrid.es\/wp-content\/uploads\/2024\/11\/IMG_6583-1024x768.jpeg\" alt=\"\" class=\"wp-image-5388\" srcset=\"https:\/\/smporres.archimadrid.es\/wp-content\/uploads\/2024\/11\/IMG_6583-1024x768.jpeg 1024w, https:\/\/smporres.archimadrid.es\/wp-content\/uploads\/2024\/11\/IMG_6583-300x225.jpeg 300w, https:\/\/smporres.archimadrid.es\/wp-content\/uploads\/2024\/11\/IMG_6583-768x576.jpeg 768w, https:\/\/smporres.archimadrid.es\/wp-content\/uploads\/2024\/11\/IMG_6583-1536x1152.jpeg 1536w, https:\/\/smporres.archimadrid.es\/wp-content\/uploads\/2024\/11\/IMG_6583-2048x1536.jpeg 2048w\" sizes=\"auto, (max-width: 1024px) 100vw, 1024px\" \/><\/figure>\n<\/div>\n\n\n<p><\/p>\n\n\n\n<p><span style=\"color: #000000;\">Completa la imaginer\u00eda, una Virgen del Roc\u00edo, venerada fervorosamente por su Hermandad los primeros s\u00e1bados de cada mes y, de una forma especial, en su fiesta grande, el D\u00eda de Pentecost\u00e9s.<\/span><\/p>\n\n\n\n<h2 class=\"wp-block-heading\"><strong>LA CAPILLA DEL SANT\u00cdSIMO&nbsp;<\/strong><\/h2>\n\n\n<div class=\"wp-block-image\">\n<figure class=\"aligncenter size-large\"><img loading=\"lazy\" decoding=\"async\" width=\"1024\" height=\"731\" src=\"https:\/\/smporres.archimadrid.es\/wp-content\/uploads\/2024\/11\/IMG_6596-1024x731.jpeg\" alt=\"\" class=\"wp-image-5389\" srcset=\"https:\/\/smporres.archimadrid.es\/wp-content\/uploads\/2024\/11\/IMG_6596-1024x731.jpeg 1024w, https:\/\/smporres.archimadrid.es\/wp-content\/uploads\/2024\/11\/IMG_6596-300x214.jpeg 300w, https:\/\/smporres.archimadrid.es\/wp-content\/uploads\/2024\/11\/IMG_6596-768x548.jpeg 768w, https:\/\/smporres.archimadrid.es\/wp-content\/uploads\/2024\/11\/IMG_6596-1536x1096.jpeg 1536w, https:\/\/smporres.archimadrid.es\/wp-content\/uploads\/2024\/11\/IMG_6596-2048x1461.jpeg 2048w\" sizes=\"auto, (max-width: 1024px) 100vw, 1024px\" \/><\/figure>\n<\/div>\n\n\n<p><\/p>\n\n\n\n<p>En la parte posterior se encuentra la Capilla del Sant\u00edsimo, antiguamente capilla bautismal. Posee una preciosa vidriera del bautismo del Se\u00f1or.<\/p>\n\n\n\n<h2 class=\"wp-block-heading\">SALONES PARROQUIALES<\/h2>\n\n\n\n<p>Debajo del templo y de los despachos, se encuentran los salones parroquiales, que se usan para catequesis, apoyo escolar, talleres, encuentros y celebraciones de las hermandades y comunidades.<\/p>\n\n\n\n<figure class=\"wp-block-image\"><img decoding=\"async\" src=\"https:\/\/smporres.archimadrid.es\/wp-content\/uploads\/2018\/12\/5E768AD0-0E9B-4D22-AF7F-1E14EF705159.jpeg\" alt=\"\"\/><\/figure>\n\n\n\n<p><\/p>\n\n\n\n<h2 class=\"wp-block-heading\"><span style=\"color: #000000;\"><strong>NUESTRAS FIESTAS<\/strong><\/span><\/h2>\n\n\n\n<p><span style=\"color: #000000;\">Adem\u00e1s de todas las fiestas propias de la Iglesia (Pascua, Navidad, etc.), en nuestra parroquia tenemos fiestas propias:<\/span><\/p>\n\n\n\n<ul class=\"wp-block-list\">\n<li><span style=\"color: #000000;\">San Mart\u00edn de Porres: 3 de noviembre (y el primer domingo del mismo mes)<\/span><\/li>\n\n\n\n<li><span style=\"color: #000000;\">Aniversario de la canonizaci\u00f3n de san Mart\u00edn: 6 de mayo<\/span><\/li>\n\n\n\n<li><span style=\"color: #000000;\">Dedicaci\u00f3n de la parroquia: 15 de marzo<\/span><\/li>\n<\/ul>\n\n\n\n<p><span style=\"color: #000000;\">Participa toda la comunidad parroquial, el servicio de limpieza del Ayuntamiento de Madrid y varias asociaciones de peruanos residentes en Espa\u00f1a.<\/span><\/p>\n\n\n\n<p class=\"has-text-align-center\"><a href=\"https:\/\/www.abc.es\/espana\/madrid\/abci-san-martin-porres-parroquia-toda-caritas-201811030103_noticia.html\">Aqu\u00ed tienes un art\u00edculo que public\u00f3 el ABC sobre la Parroquia.<\/a><\/p>\n\n\n<div class=\"wp-block-image\">\n<figure class=\"aligncenter\"><a href=\"https:\/\/www.abc.es\/espana\/madrid\/abci-san-martin-porres-parroquia-toda-caritas-201811030103_noticia.html\"><img loading=\"lazy\" decoding=\"async\" width=\"809\" height=\"1024\" src=\"https:\/\/smporres.archimadrid.es\/wp-content\/uploads\/2018\/11\/3C22C693-F93A-49F3-B90C-063B595B6652-809x1024.jpeg\" alt=\"\" class=\"wp-image-2013\" srcset=\"https:\/\/smporres.archimadrid.es\/wp-content\/uploads\/2018\/11\/3C22C693-F93A-49F3-B90C-063B595B6652-809x1024.jpeg 809w, https:\/\/smporres.archimadrid.es\/wp-content\/uploads\/2018\/11\/3C22C693-F93A-49F3-B90C-063B595B6652-237x300.jpeg 237w, https:\/\/smporres.archimadrid.es\/wp-content\/uploads\/2018\/11\/3C22C693-F93A-49F3-B90C-063B595B6652-768x972.jpeg 768w, https:\/\/smporres.archimadrid.es\/wp-content\/uploads\/2018\/11\/3C22C693-F93A-49F3-B90C-063B595B6652.jpeg 1618w\" sizes=\"auto, (max-width: 809px) 100vw, 809px\" \/><\/a><\/figure>\n<\/div>\n\n\n<p><\/p>\n","protected":false},"excerpt":{"rendered":"<p>Nuestra parroquia est\u00e1 situada en el Distrito de Hortaleza, en el norte de la ciudad de Madrid. Comprende tres barrios: la U.V.A. de Hortaleza y parte de otros dos barrios, [&hellip;]<\/p>\n","protected":false},"author":1,"featured_media":1167,"parent":0,"menu_order":0,"comment_status":"closed","ping_status":"closed","template":"page-templates\/fullwidth.php","meta":{"footnotes":""},"class_list":["post-244","page","type-page","status-publish","has-post-thumbnail","hentry"],"_links":{"self":[{"href":"https:\/\/smporres.archimadrid.es\/index.php?rest_route=\/wp\/v2\/pages\/244","targetHints":{"allow":["GET"]}}],"collection":[{"href":"https:\/\/smporres.archimadrid.es\/index.php?rest_route=\/wp\/v2\/pages"}],"about":[{"href":"https:\/\/smporres.archimadrid.es\/index.php?rest_route=\/wp\/v2\/types\/page"}],"author":[{"embeddable":true,"href":"https:\/\/smporres.archimadrid.es\/index.php?rest_route=\/wp\/v2\/users\/1"}],"replies":[{"embeddable":true,"href":"https:\/\/smporres.archimadrid.es\/index.php?rest_route=%2Fwp%2Fv2%2Fcomments&post=244"}],"version-history":[{"count":64,"href":"https:\/\/smporres.archimadrid.es\/index.php?rest_route=\/wp\/v2\/pages\/244\/revisions"}],"predecessor-version":[{"id":5392,"href":"https:\/\/smporres.archimadrid.es\/index.php?rest_route=\/wp\/v2\/pages\/244\/revisions\/5392"}],"wp:featuredmedia":[{"embeddable":true,"href":"https:\/\/smporres.archimadrid.es\/index.php?rest_route=\/wp\/v2\/media\/1167"}],"wp:attachment":[{"href":"https:\/\/smporres.archimadrid.es\/index.php?rest_route=%2Fwp%2Fv2%2Fmedia&parent=244"}],"curies":[{"name":"wp","href":"https:\/\/api.w.org\/{rel}","templated":true}]}}