{"id":2114,"date":"2018-11-20T03:40:12","date_gmt":"2018-11-20T02:40:12","guid":{"rendered":"https:\/\/smporres.archimadrid.es\/?page_id=2114"},"modified":"2021-11-18T16:14:06","modified_gmt":"2021-11-18T15:14:06","slug":"rosario","status":"publish","type":"page","link":"https:\/\/smporres.archimadrid.es\/?page_id=2114","title":{"rendered":"Rosario"},"content":{"rendered":"<p><span style=\"caret-color: #000000; color: #000000;\">\u201cCon el Rosario se puede alcanzar todo. Seg\u00fan una graciosa comparaci\u00f3n, es una larga cadena que une el cielo y la tierra, uno de cuyos extremos est\u00e1 en nuestras manos y el otro en las de la Sant\u00edsima Virgen. Mientras el Rosario sea rezado, Dios no puede abandonar al mundo, pues esta oraci\u00f3n es muy poderosa sobre su Coraz\u00f3n\u201d.&nbsp;<\/span> (Santa Teresita del Ni\u00f1o Jes\u00fas)<\/p>\n<p>Todos los d\u00edas, media hora antes de misa, pedimos la intercesi\u00f3n de la Virgen Mar\u00eda a trav\u00e9s de la oraci\u00f3n del rosario.<\/p>\n<p>Rezamos por el Papa Francisco, por nuestro Obispo Don Carlos, por nuestros sacerdotes, por las vocaciones de nuestra Parroquia, por los enfermos, por la evangelizaci\u00f3n&#8230;<\/p>\n<p><img loading=\"lazy\" decoding=\"async\" class=\"aligncenter size-large wp-image-2113\" src=\"https:\/\/smporres.archimadrid.es\/wp-content\/uploads\/2018\/11\/img_0221.jpg\" width=\"900\" height=\"500\" srcset=\"https:\/\/smporres.archimadrid.es\/wp-content\/uploads\/2018\/11\/img_0221.jpg 900w, https:\/\/smporres.archimadrid.es\/wp-content\/uploads\/2018\/11\/img_0221-300x167.jpg 300w, https:\/\/smporres.archimadrid.es\/wp-content\/uploads\/2018\/11\/img_0221-768x427.jpg 768w\" sizes=\"auto, (max-width: 900px) 100vw, 900px\" \/><\/p>\n<p>Con ocasi\u00f3n de la fiesta de la Virgen del Rosario, el Papa Francisco comparti\u00f3 en su cuenta de Twitter una breve reflexi\u00f3n sobre el rezo del Rosario y lo que significa en su vida diaria: \u201cEl Rosario es la oraci\u00f3n que acompa\u00f1a siempre mi vida; tambi\u00e9n es la oraci\u00f3n de los sencillos y de los santos\u2026 es la oraci\u00f3n de mi coraz\u00f3n\u201d,<\/p>\n\n\n<blockquote class=\"wp-block-quote has-text-align-center is-layout-flow wp-block-quote-is-layout-flow\"><p><strong>SANTO ROSARIO<\/strong><\/p><\/blockquote>\n\n\n\n<p>Intenciones fijas<\/p>\n\n\n\n<p>\u2022 Intenciones del Santo Padre<br>\u2022 Por el fin de la pandemia<br>\u2022 Por los enfermos y ancianos, pobres y parados<br>\u2022 Evangelizaci\u00f3n en la parroquia<br>\u2022 Vocaciones<br>\u2022 Nuestros sacerdotes y misioneros<br>\u2022 Grupos y comunidades<br>\u2022 Nuestros j\u00f3venes<br>\u2022 Intenciones particulares<\/p>\n\n\n\n<p><strong>Misterios Gozosos (Lunes y S\u00e1bados)<\/strong><\/p>\n\n\n\n<ol class=\"wp-block-list\"><li>La Encarnaci\u00f3n del Hijo de Dios.<\/li><li>La Visitaci\u00f3n de Nuestra Se\u00f1ora a su prima santa Isabel.<\/li><li>El Nacimiento del Hijo de Dios en Bel\u00e9n.<\/li><li>La Presentaci\u00f3n de Jes\u00fas en el templo.<\/li><li>El Ni\u00f1o perdido y hallado en el Templo.<\/li><\/ol>\n\n\n\n<p><strong>Misterios Dolorosos (Martes y Viernes)<\/strong><\/p>\n\n\n\n<ol class=\"wp-block-list\"><li>La Oraci\u00f3n de Jes\u00fas en el Huerto de los olivos.<\/li><li>La Flagelaci\u00f3n del Se\u00f1or.<\/li><li>La Coronaci\u00f3n de espinas.<\/li><li>La Cruz a cuestas camino del Calvario .<\/li><li>Crucifixi\u00f3n y muerte de Jes\u00fas en la Cruz.<\/li><\/ol>\n\n\n\n<p><strong>Misterios Gloriosos (Mi\u00e9rcoles y Domingos)<\/strong><\/p>\n\n\n\n<ol class=\"wp-block-list\"><li>La Resurrecci\u00f3n del Se\u00f1or.<\/li><li>La Ascensi\u00f3n del Se\u00f1or.<\/li><li>La Venida del Esp\u00edritu Santo.<\/li><li>La Asunci\u00f3n de Nuestra Se\u00f1ora.<\/li><li>La Coronaci\u00f3n de Mar\u00eda Sant\u00edsima.<\/li><\/ol>\n\n\n\n<p><strong>Misterios Luminosos (Jueves)<\/strong><\/p>\n\n\n\n<ol class=\"wp-block-list\"><li>El Bautismo en el Jord\u00e1n<\/li><li>La autorrevelaci\u00f3n de Jes\u00fas en las bodas de Can\u00e1.<\/li><li>El anuncio del Reino de Dios invitando a la conversi\u00f3n.<\/li><li>La Transfiguraci\u00f3n del Se\u00f1or en el monte Tabor.<\/li><li>La instituci\u00f3n de la Sagrada Eucarist\u00eda.<\/li><\/ol>\n\n\n\n<p><strong>Letan\u00edas de nuestra Se\u00f1ora<\/strong><\/p>\n\n\n\n<p>Se\u00f1or, ten piedad<br>Cristo, ten piedad<br>Se\u00f1or, ten piedad.<br>Cristo, \u00f3yenos.<br>Cristo, esc\u00fachanos.<\/p>\n\n\n\n<p>Dios, Padre celestial,<br>ten misericordia de nosotros.<\/p>\n\n\n\n<p>Dios, Hijo, Redentor del mundo,<br>Dios, Esp\u00edritu Santo,<br>Trinidad Santa, un solo Dios,<\/p>\n\n\n\n<p>Santa Mar\u00eda, ruega por nosotros<br>Santa Madre de Dios,<br>Santa Virgen de las V\u00edrgenes,<br>Madre de Cristo,<br>Madre de la Iglesia,<br>Madre de la divina gracia,<br>Madre pur\u00edsima,<br>Madre cast\u00edsima,<br>Madre siempre virgen,<br>Madre inmaculada,<br>Madre amable,<br>Madre admirable,<br>Madre del buen consejo,<br>Madre del Creador,<br>Madre del Salvador,<br>Madre de misericordia,<br>Virgen prudent\u00edsima,<br>Virgen digna de veneraci\u00f3n,<br>Virgen digna de alabanza,<br>Virgen poderosa,<br>Virgen clemente,<br>Virgen fiel,<br>Espejo de justicia,<br>Trono de la sabidur\u00eda,<br>Causa de nuestra alegr\u00eda,<br>Vaso espiritual,<br>Vaso digno de honor,<br>Vaso de insigne devoci\u00f3n,<br>Rosa m\u00edstica,<br>Torre de David,<br>Torre de marfil,<br>Casa de oro,<br>Arca de la Alianza,<br>Puerta del cielo,<br>Estrella de la ma\u00f1ana,<br>Salud de los enfermos,<br>Refugio de los pecadores,<br>Consoladora de los afligidos,<br>Auxilio de los cristianos,<br>Reina de los \u00c1ngeles,<br>Reina de los Patriarcas,<br>Reina de los Profetas,<br>Reina de los Ap\u00f3stoles,<br>Reina de los M\u00e1rtires,<br>Reina de los Confesores,<br>Reina de las V\u00edrgenes,<br>Reina de todos los Santos,<br>Reina concebida sin pecado original,<br>Reina asunta a los Cielos,<br>Reina del Sant\u00edsimo Rosario,<br>Reina de la familia,<br>Reina de la paz.<\/p>\n\n\n\n<p>Cordero de Dios, que quitas el pecado del mundo,<br>perd\u00f3nanos, Se\u00f1or.<br>Cordero de Dios, que quitas el pecado del mundo,<br>esc\u00fachanos, Se\u00f1or.<br>Cordero de Dios, que quitas el pecado del mundo,<br>ten misericordia de nosotros.<\/p>\n\n\n\n<p>Ruega por nosotros, Santa Madre de Dios.<br>Para que seamos dignos de alcanzar las promesas de Nuestro Se\u00f1or Jesucristo.<\/p>\n\n\n\n<p>ORACI\u00d3N.<br>Te rogamos, Se\u00f1or Dios nuestro, nos concedas gozar de continua salud de alma y cuerpo, y por la gloriosa intercesi\u00f3n de la bienaventurada siempre Virgen Mar\u00eda, vernos libres de las tristezas de la vida presente y disfrutar de las alegr\u00edas eternas.<br>Por Jesucristo, nuestro Se\u00f1or. Am\u00e9n.<\/p>\n\n\n\n<p><strong>ORACIONES<\/strong><\/p>\n\n\n\n<p>Padre Nuestro<\/p>\n\n\n\n<p>Padre nuestro,<br>que est\u00e1s en el cielo,<br>santificado sea tu Nombre;<br>venga a nosotros tu reino;<br>h\u00e1gase tu voluntad<br>en la tierra como en el cielo.<\/p>\n\n\n\n<p>Danos hoy nuestro pan de cada d\u00eda;<br>perdona nuestras ofensas,<br>como tambi\u00e9n nosotros perdonamos<br>a los que nos ofenden;<br>no nos dejes caer en la tentaci\u00f3n,<br>y l\u00edbranos del mal.<\/p>\n\n\n\n<p>Ave Mar\u00eda<\/p>\n\n\n\n<p>Dios te salve Mar\u00eda<br>llena eres de gracia<br>el Se\u00f1or es contigo;<br>bendita t\u00fa eres entre todas las mujeres,<br>y bendito es el fruto de tu vientre, Jes\u00fas.<br>Santa Mar\u00eda, Madre de Dios,<br>ruega por nosotros, pecadores,<br>ahora y en la ahora de nuestra muerte. Am\u00e9n<\/p>\n\n\n\n<p>Gloria<\/p>\n\n\n\n<p>Gloria al Padre, y al Hijo, y al Esp\u00edritu Santo.<br>Como era en el principio, ahora y siempre, por los siglos de los siglos. Am\u00e9n.<\/p>\n\n\n\n<p>Jaculatorias<\/p>\n\n\n\n<p>Mar\u00eda, Madre de gracia, Madre de misericordia, defi\u00e9ndenos del enemigo y amp\u00e1ranos ahora y en la hora de nuestra muerte. Am\u00e9n.<\/p>\n\n\n\n<p>\u00a1Oh! Jes\u00fas m\u00edo, perdona nuestros pecados, l\u00edbranos del fuego del infierno, lleva al cielo a todas las almas, especialmente a las m\u00e1s necesitadas de Tu misericordia. Am\u00e9n.<\/p>\n\n\n\n<p>La Salve<\/p>\n\n\n\n<p>Dios te salve, Reina y Madre de misericordia, vida, dulzura y esperanza nuestra; Dios te salve. A Ti llamamos los desterrados hijos de Eva; a Ti suspiramos gimiendo y llorando, en este valle de l\u00e1grimas. Ea, pues, Se\u00f1ora nuestra, vuelve a nosotros esos tus ojos misericordiosos; y despu\u00e9s de este destierro mu\u00e9stranos a Jes\u00fas, fruto bendito de tu vientre. \u00a1Oh clement\u00edsima, oh piadosa, oh dulce siempre Virgen Mar\u00eda!<br>Ruega por nosotros, Santa Madre de Dios, para que seamos dignos de alcanzar las promesas de Nuestro Se\u00f1or Jesucristo. Am\u00e9n.<\/p>\n\n\n\n<p>Bendita sea tu pureza<\/p>\n\n\n\n<p>Bendita sea tu pureza y eternamente lo sea, pues todo un Dios se recrea, en tan graciosa belleza. A Ti celestial princesa, Virgen Sagrada Mar\u00eda, te ofrezco en este d\u00eda, alma vida y coraz\u00f3n. M\u00edrame con compasi\u00f3n, no me dejes, Madre m\u00eda, hasta morir en tu amor.<\/p>\n","protected":false},"excerpt":{"rendered":"<p>\u201cCon el Rosario se puede alcanzar todo. Seg\u00fan una graciosa comparaci\u00f3n, es una larga cadena que une el cielo y la tierra, uno de cuyos extremos est\u00e1 en nuestras manos [&hellip;]<\/p>\n","protected":false},"author":1,"featured_media":2116,"parent":0,"menu_order":0,"comment_status":"closed","ping_status":"closed","template":"","meta":{"footnotes":""},"class_list":["post-2114","page","type-page","status-publish","has-post-thumbnail","hentry"],"_links":{"self":[{"href":"https:\/\/smporres.archimadrid.es\/index.php?rest_route=\/wp\/v2\/pages\/2114","targetHints":{"allow":["GET"]}}],"collection":[{"href":"https:\/\/smporres.archimadrid.es\/index.php?rest_route=\/wp\/v2\/pages"}],"about":[{"href":"https:\/\/smporres.archimadrid.es\/index.php?rest_route=\/wp\/v2\/types\/page"}],"author":[{"embeddable":true,"href":"https:\/\/smporres.archimadrid.es\/index.php?rest_route=\/wp\/v2\/users\/1"}],"replies":[{"embeddable":true,"href":"https:\/\/smporres.archimadrid.es\/index.php?rest_route=%2Fwp%2Fv2%2Fcomments&post=2114"}],"version-history":[{"count":5,"href":"https:\/\/smporres.archimadrid.es\/index.php?rest_route=\/wp\/v2\/pages\/2114\/revisions"}],"predecessor-version":[{"id":4611,"href":"https:\/\/smporres.archimadrid.es\/index.php?rest_route=\/wp\/v2\/pages\/2114\/revisions\/4611"}],"wp:featuredmedia":[{"embeddable":true,"href":"https:\/\/smporres.archimadrid.es\/index.php?rest_route=\/wp\/v2\/media\/2116"}],"wp:attachment":[{"href":"https:\/\/smporres.archimadrid.es\/index.php?rest_route=%2Fwp%2Fv2%2Fmedia&parent=2114"}],"curies":[{"name":"wp","href":"https:\/\/api.w.org\/{rel}","templated":true}]}}