{"id":1949,"date":"2018-10-21T20:27:44","date_gmt":"2018-10-21T19:27:44","guid":{"rendered":"https:\/\/smporres.archimadrid.es\/?page_id=1949"},"modified":"2023-05-04T16:39:30","modified_gmt":"2023-05-04T14:39:30","slug":"dabar","status":"publish","type":"page","link":"https:\/\/smporres.archimadrid.es\/?page_id=1949","title":{"rendered":"Teolog\u00eda del Cuerpo, preparaci\u00f3n para el matrimonio"},"content":{"rendered":"<p><em>\u00abLa sexualidad, el sexo, es un don de Dios.&nbsp;No es ning\u00fan tab\u00fa. Es un don de Dios, un don que el Se\u00f1or nos da. Tiene dos objetivos: amarse y generar vida. Es una pasi\u00f3n, es el amor apasionado. El verdadero amor apasionado. El amor entre un hombre y una mujer, cuando es apasionado, te lleva a dar la vida para siempre.&nbsp;Y a darla con el cuerpo y el alma\u00bb (Francisco, 17\/09\/2018)<\/em><\/p>\n\n\n<p>Cuando llegamos a la juventud, nos encontramos con la realidad de la sexualidad, que, como dice el Papa Francisco, es un don de Dios que nos lleva a dar la vida. Pero nos encontramos con que esta realidad hoy no se vive como la ha concebido Dios y, por eso, no somos felices, y tantos matrimonios y familias se destruyen.<\/p>\n\n\n\n<p>Dios nos ha creado \u00aba su imagen y semejanza\u00bb, nos ha creado \u00abvar\u00f3n y mujer\u00bb, ha creado a la familia a imagen y semejanza de la Sant\u00edsima Trinidad. Es incre\u00edble ver c\u00f3mo el esp\u00edritu del mal se ha empe\u00f1ado en destruir la familia, en destruir a la persona en lo m\u00e1s profundo de su ser.<\/p>\n\n\n\n<p>El Papa Juan Pablo II, con un gran esp\u00edritu prof\u00e9tico, durante varios a\u00f1os nos hizo un enorme regalo, 129 catequesis que nos ense\u00f1an qui\u00e9n es el hombre, qu\u00e9 significa ser persona humana, de d\u00f3nde venimos, a d\u00f3nde vamos, c\u00f3mo se llega hasta all\u00ed&#8230; es <em>EL AMOR HUMANO EN EL PLAN DIVINO<\/em>.<\/p>\n\n\n\n<figure class=\"wp-block-image size-large\"><img loading=\"lazy\" decoding=\"async\" width=\"1024\" height=\"768\" src=\"https:\/\/smporres.archimadrid.es\/wp-content\/uploads\/2019\/03\/img_4660-1024x768.jpg\" alt=\"\" class=\"wp-image-2573\" srcset=\"https:\/\/smporres.archimadrid.es\/wp-content\/uploads\/2019\/03\/img_4660-1024x768.jpg 1024w, https:\/\/smporres.archimadrid.es\/wp-content\/uploads\/2019\/03\/img_4660-300x225.jpg 300w, https:\/\/smporres.archimadrid.es\/wp-content\/uploads\/2019\/03\/img_4660-768x576.jpg 768w\" sizes=\"auto, (max-width: 1024px) 100vw, 1024px\" \/><figcaption class=\"wp-element-caption\">Encuentro de j\u00f3venes en la catedral <\/figcaption><\/figure>\n\n\n\n<p>Los j\u00f3venes de la Parroquia San Mart\u00edn de Porres, conscientes de la realidad que nos toca vivir, nos juntamos todos los viernes a estudiar estas catequesis que Juan Pablo II nos dej\u00f3 como herencia, convencidos de que Dios es la fuente del amor.<\/p>\n\n\n\n<p>Si tienes ya 18 a\u00f1os o m\u00e1s, te invitamos a unirte a nosotros. Nos reunimos todos los viernes a las 20 h.<\/p>\n","protected":false},"excerpt":{"rendered":"<p>\u00abLa sexualidad, el sexo, es un don de Dios.&nbsp;No es ning\u00fan tab\u00fa. Es un don de Dios, un don que el Se\u00f1or nos da. Tiene dos objetivos: amarse y generar [&hellip;]<\/p>\n","protected":false},"author":1,"featured_media":2339,"parent":0,"menu_order":0,"comment_status":"closed","ping_status":"closed","template":"","meta":{"footnotes":""},"class_list":["post-1949","page","type-page","status-publish","has-post-thumbnail","hentry"],"_links":{"self":[{"href":"https:\/\/smporres.archimadrid.es\/index.php?rest_route=\/wp\/v2\/pages\/1949","targetHints":{"allow":["GET"]}}],"collection":[{"href":"https:\/\/smporres.archimadrid.es\/index.php?rest_route=\/wp\/v2\/pages"}],"about":[{"href":"https:\/\/smporres.archimadrid.es\/index.php?rest_route=\/wp\/v2\/types\/page"}],"author":[{"embeddable":true,"href":"https:\/\/smporres.archimadrid.es\/index.php?rest_route=\/wp\/v2\/users\/1"}],"replies":[{"embeddable":true,"href":"https:\/\/smporres.archimadrid.es\/index.php?rest_route=%2Fwp%2Fv2%2Fcomments&post=1949"}],"version-history":[{"count":10,"href":"https:\/\/smporres.archimadrid.es\/index.php?rest_route=\/wp\/v2\/pages\/1949\/revisions"}],"predecessor-version":[{"id":4990,"href":"https:\/\/smporres.archimadrid.es\/index.php?rest_route=\/wp\/v2\/pages\/1949\/revisions\/4990"}],"wp:featuredmedia":[{"embeddable":true,"href":"https:\/\/smporres.archimadrid.es\/index.php?rest_route=\/wp\/v2\/media\/2339"}],"wp:attachment":[{"href":"https:\/\/smporres.archimadrid.es\/index.php?rest_route=%2Fwp%2Fv2%2Fmedia&parent=1949"}],"curies":[{"name":"wp","href":"https:\/\/api.w.org\/{rel}","templated":true}]}}